{"id":12,"date":"2025-08-05T20:07:21","date_gmt":"2025-08-05T20:07:21","guid":{"rendered":"https:\/\/dev.tetraedro.pt\/home\/"},"modified":"2026-04-27T18:42:32","modified_gmt":"2026-04-27T18:42:32","slug":"home","status":"publish","type":"page","link":"https:\/\/www.tetraedro.pt\/en\/","title":{"rendered":"Pagina inicial"},"content":{"rendered":"<div data-elementor-type=\"wp-page\" data-elementor-id=\"12\" class=\"elementor elementor-12\">\n\t\t\t\t<div class=\"elementor-element elementor-element-33c57f3e e-flex e-con-boxed e-con e-parent\" data-id=\"33c57f3e\" data-element_type=\"container\" data-e-type=\"container\" data-settings=\"{&quot;background_background&quot;:&quot;video&quot;,&quot;background_video_link&quot;:&quot;https:\\\/\\\/www.tetraedro.pt\\\/wp-content\\\/uploads\\\/Homepage_video.mp4&quot;,&quot;background_play_on_mobile&quot;:&quot;yes&quot;,&quot;background_video_start&quot;:0,&quot;background_video_end&quot;:70}\">\n\t\t\t\t\t<div class=\"e-con-inner\">\n\t\t<div class=\"elementor-background-video-container\">\n\t\t\t\t\t\t\t<video class=\"elementor-background-video-hosted\" role=\"presentation\" autoplay muted playsinline loop><\/video>\n\t\t\t\t\t<\/div>\t\t<div class=\"elementor-element elementor-element-7e98bbcc elementor-widget elementor-widget-heading\" data-id=\"7e98bbcc\" data-element_type=\"widget\" data-e-type=\"widget\" data-widget_type=\"heading.default\">\n\t\t\t\t\t<h1 class=\"elementor-heading-title elementor-size-default\">O seu ponto de partida para a CLOUD<\/h1>\t\t\t\t<\/div>\n\t\t\t\t<div class=\"elementor-element elementor-element-2a1db199 elementor-align-center elementor-widget elementor-widget-button\" data-id=\"2a1db199\" data-element_type=\"widget\" data-e-type=\"widget\" data-widget_type=\"button.default\">\n\t\t\t\t\t\t\t\t\t\t<a class=\"elementor-button elementor-button-link elementor-size-sm\" href=\"\/en\/contact\/\">\n\t\t\t\t\t\t<span class=\"elementor-button-content-wrapper\">\n\t\t\t\t\t\t\t\t\t<span class=\"elementor-button-text\">Contacte-nos<\/span>\n\t\t\t\t\t<\/span>\n\t\t\t\t\t<\/a>\n\t\t\t\t\t\t\t\t<\/div>\n\t\t\t\t\t<\/div>\n\t\t\t\t<\/div>\n\t\t<div class=\"elementor-element elementor-element-67a1d71f e-flex e-con-boxed e-con e-parent\" data-id=\"67a1d71f\" data-element_type=\"container\" data-e-type=\"container\">\n\t\t\t\t\t<div class=\"e-con-inner\">\n\t\t\t\t<div class=\"elementor-element elementor-element-14bef47c elementor-widget elementor-widget-heading\" data-id=\"14bef47c\" data-element_type=\"widget\" data-e-type=\"widget\" data-widget_type=\"heading.default\">\n\t\t\t\t\t<h2 class=\"elementor-heading-title elementor-size-default\">Conhe\u00e7a as nossas solu\u00e7\u00f5es<\/h2>\t\t\t\t<\/div>\n\t\t<div class=\"elementor-element elementor-element-3db31c3b e-con-full e-flex e-con e-child\" data-id=\"3db31c3b\" data-element_type=\"container\" data-e-type=\"container\">\n\t\t<div class=\"elementor-element elementor-element-73a78978 e-con-full e-flex e-con e-child\" data-id=\"73a78978\" data-element_type=\"container\" data-e-type=\"container\">\n\t\t\t\t<div class=\"elementor-element elementor-element-6bce6bf elementor-widget elementor-widget-heading\" data-id=\"6bce6bf\" data-element_type=\"widget\" data-e-type=\"widget\" data-widget_type=\"heading.default\">\n\t\t\t\t\t<h5 class=\"elementor-heading-title elementor-size-default\">Private Cloud\n<\/h5>\t\t\t\t<\/div>\n\t\t\t\t<div class=\"elementor-element elementor-element-795c5063 elementor-widget elementor-widget-text-editor\" data-id=\"795c5063\" data-element_type=\"widget\" data-e-type=\"widget\" data-widget_type=\"text-editor.default\">\n\t\t\t\t\t\t\t\t\t<p>Solu\u00e7\u00f5es de alojamento para as suas aplica\u00e7\u00f5es cr\u00edticas de neg\u00f3cio.<\/p><div><span lang=\"PT\">Infraestrutura pr\u00f3pria. Dados em territ\u00f3rio nacional. Total controlo.<\/span><\/div>\t\t\t\t\t\t\t\t<\/div>\n\t\t\t\t<div class=\"elementor-element elementor-element-a487d8a elementor-align-left elementor-widget elementor-widget-button\" data-id=\"a487d8a\" data-element_type=\"widget\" data-e-type=\"widget\" data-widget_type=\"button.default\">\n\t\t\t\t\t\t\t\t\t\t<a class=\"elementor-button elementor-button-link elementor-size-sm\" href=\"\/en\/private-cloud\/\">\n\t\t\t\t\t\t<span class=\"elementor-button-content-wrapper\">\n\t\t\t\t\t\t\t\t\t<span class=\"elementor-button-text\">Saber Mais<\/span>\n\t\t\t\t\t<\/span>\n\t\t\t\t\t<\/a>\n\t\t\t\t\t\t\t\t<\/div>\n\t\t\t\t<\/div>\n\t\t<div class=\"elementor-element elementor-element-460208fa e-con-full e-flex e-con e-child\" data-id=\"460208fa\" data-element_type=\"container\" data-e-type=\"container\">\n\t\t\t\t<div class=\"elementor-element elementor-element-646ba459 elementor-widget elementor-widget-heading\" data-id=\"646ba459\" data-element_type=\"widget\" data-e-type=\"widget\" data-widget_type=\"heading.default\">\n\t\t\t\t\t<h5 class=\"elementor-heading-title elementor-size-default\">Inform\u00e1tica Como Servi\u00e7o (IcS)<\/h5>\t\t\t\t<\/div>\n\t\t\t\t<div class=\"elementor-element elementor-element-7cc46420 elementor-widget elementor-widget-text-editor\" data-id=\"7cc46420\" data-element_type=\"widget\" data-e-type=\"widget\" data-widget_type=\"text-editor.default\">\n\t\t\t\t\t\t\t\t\t<p style=\"font-weight: 400;\">E se deixasse de se preocupar com IT?<\/p><p class=\"has-text-color\" data-oa-prompt=\"Please now create a great description for the previous title. No more than 90 characters.\"><span style=\"font-weight: 400;\">A nossa solu\u00e7\u00e3o de\u00a0Inform\u00e1tica como Servi\u00e7o\u00a0permite-lhe externalizar totalmente a \u00e1rea tecnol\u00f3gica de forma escal\u00e1vel.<\/span><\/p>\t\t\t\t\t\t\t\t<\/div>\n\t\t\t\t<div class=\"elementor-element elementor-element-9e41c48 elementor-align-left elementor-widget elementor-widget-button\" data-id=\"9e41c48\" data-element_type=\"widget\" data-e-type=\"widget\" data-widget_type=\"button.default\">\n\t\t\t\t\t\t\t\t\t\t<a class=\"elementor-button elementor-button-link elementor-size-sm\" href=\"\/en\/ics\/\">\n\t\t\t\t\t\t<span class=\"elementor-button-content-wrapper\">\n\t\t\t\t\t\t\t\t\t<span class=\"elementor-button-text\">Saber Mais<\/span>\n\t\t\t\t\t<\/span>\n\t\t\t\t\t<\/a>\n\t\t\t\t\t\t\t\t<\/div>\n\t\t\t\t<\/div>\n\t\t<div class=\"elementor-element elementor-element-7ed96190 e-con-full e-flex e-con e-child\" data-id=\"7ed96190\" data-element_type=\"container\" data-e-type=\"container\">\n\t\t\t\t<div class=\"elementor-element elementor-element-6d674d2b elementor-widget elementor-widget-heading\" data-id=\"6d674d2b\" data-element_type=\"widget\" data-e-type=\"widget\" data-widget_type=\"heading.default\">\n\t\t\t\t\t<h5 class=\"elementor-heading-title elementor-size-default\">Servi\u00e7os Online\n<\/h5>\t\t\t\t<\/div>\n\t\t\t\t<div class=\"elementor-element elementor-element-35e03522 elementor-widget elementor-widget-text-editor\" data-id=\"35e03522\" data-element_type=\"widget\" data-e-type=\"widget\" data-widget_type=\"text-editor.default\">\n\t\t\t\t\t\t\t\t\t<p style=\"font-weight: 400;\">Comunica\u00e7\u00e3o e dados protegidos.<\/p><p class=\"has-text-color\" data-oa-prompt=\"Please now create a great description for the previous title. No more than 90 characters.\"><span style=\"font-weight: 400;\">Oferecemos solu\u00e7\u00f5es online seguras e est\u00e1veis. Acesso permanente, organiza\u00e7\u00e3o e prote\u00e7\u00e3o real dos seus dados.<\/span><\/p>\t\t\t\t\t\t\t\t<\/div>\n\t\t\t\t<div class=\"elementor-element elementor-element-341eb54 elementor-align-left elementor-widget elementor-widget-button\" data-id=\"341eb54\" data-element_type=\"widget\" data-e-type=\"widget\" data-widget_type=\"button.default\">\n\t\t\t\t\t\t\t\t\t\t<a class=\"elementor-button elementor-button-link elementor-size-sm\" href=\"\/en\/servicos-online\/\">\n\t\t\t\t\t\t<span class=\"elementor-button-content-wrapper\">\n\t\t\t\t\t\t\t\t\t<span class=\"elementor-button-text\">Saber Mais<\/span>\n\t\t\t\t\t<\/span>\n\t\t\t\t\t<\/a>\n\t\t\t\t\t\t\t\t<\/div>\n\t\t\t\t<\/div>\n\t\t<div class=\"elementor-element elementor-element-58be757 e-con-full e-flex e-con e-child\" data-id=\"58be757\" data-element_type=\"container\" data-e-type=\"container\">\n\t\t\t\t<div class=\"elementor-element elementor-element-681f724 elementor-widget elementor-widget-heading\" data-id=\"681f724\" data-element_type=\"widget\" data-e-type=\"widget\" data-widget_type=\"heading.default\">\n\t\t\t\t\t<h5 class=\"elementor-heading-title elementor-size-default\">Consultoria de Gest\u00e3o\n<\/h5>\t\t\t\t<\/div>\n\t\t\t\t<div class=\"elementor-element elementor-element-cc7119d elementor-widget elementor-widget-text-editor\" data-id=\"cc7119d\" data-element_type=\"widget\" data-e-type=\"widget\" data-widget_type=\"text-editor.default\">\n\t\t\t\t\t\t\t\t\t<p style=\"font-weight: 400;\">Tecnologia alinhada com estrat\u00e9gia empresarial.<\/p><p class=\"has-text-color\" data-oa-prompt=\"Please now create a great description for the previous title. No more than 90 characters.\"><span style=\"font-weight: 400;\">Servi\u00e7os de consultoria em diversas \u00e1reas do neg\u00f3cio da sua empresa.<\/span><\/p>\t\t\t\t\t\t\t\t<\/div>\n\t\t\t\t<div class=\"elementor-element elementor-element-c6be1f8 elementor-align-left elementor-widget elementor-widget-button\" data-id=\"c6be1f8\" data-element_type=\"widget\" data-e-type=\"widget\" data-widget_type=\"button.default\">\n\t\t\t\t\t\t\t\t\t\t<a class=\"elementor-button elementor-button-link elementor-size-sm\" href=\"\/en\/consultoria\/\">\n\t\t\t\t\t\t<span class=\"elementor-button-content-wrapper\">\n\t\t\t\t\t\t\t\t\t<span class=\"elementor-button-text\">Saber Mais<\/span>\n\t\t\t\t\t<\/span>\n\t\t\t\t\t<\/a>\n\t\t\t\t\t\t\t\t<\/div>\n\t\t\t\t<\/div>\n\t\t\t\t<\/div>\n\t\t\t\t\t<\/div>\n\t\t\t\t<\/div>\n\t\t<div class=\"elementor-element elementor-element-5eb81a5f e-flex e-con-boxed e-con e-parent\" data-id=\"5eb81a5f\" data-element_type=\"container\" data-e-type=\"container\" data-settings=\"{&quot;background_background&quot;:&quot;classic&quot;}\">\n\t\t\t\t\t<div class=\"e-con-inner\">\n\t\t<div class=\"elementor-element elementor-element-5de83723 e-con-full e-flex e-con e-child\" data-id=\"5de83723\" data-element_type=\"container\" data-e-type=\"container\">\n\t\t\t\t<div class=\"elementor-element elementor-element-6211a8b5 elementor-widget elementor-widget-heading\" data-id=\"6211a8b5\" data-element_type=\"widget\" data-e-type=\"widget\" data-widget_type=\"heading.default\">\n\t\t\t\t\t<h2 class=\"elementor-heading-title elementor-size-default\">Hosting Seguro e Suporte T\u00e9cnico para PMEs<\/h2>\t\t\t\t<\/div>\n\t\t\t\t<div class=\"elementor-element elementor-element-4258f688 elementor-widget elementor-widget-text-editor\" data-id=\"4258f688\" data-element_type=\"widget\" data-e-type=\"widget\" data-widget_type=\"text-editor.default\">\n\t\t\t\t\t\t\t\t\t<p style=\"font-weight: 400;\">Na\u00a0Tetraedro, somos especialistas em\u00a0<strong>Private Cloud, Hosting Seguro e Inform\u00e1tica como Servi\u00e7o para PMEs portuguesas<\/strong>, com infraestrutura pr\u00f3pria em Portugal e suporte t\u00e9cnico humano, pr\u00f3ximo e permanente.<\/p><h4 style=\"font-weight: 400;\"><strong>Porqu\u00ea escolher a Tetraedro?<\/strong><\/h4><ul style=\"font-weight: 400;\"><li>Infraestrutura pr\u00f3pria com redund\u00e2ncia geogr\u00e1fica (Lisboa e Viseu)<\/li><li>Disponibilidade superior a 99,9%<\/li><li>Seguran\u00e7a ativa e prote\u00e7\u00e3o de dados<\/li><li>Custos previs\u00edveis e transparentes<\/li><li>Suporte humano<\/li><\/ul><h5><strong>Seguran\u00e7a. Confian\u00e7a. Tranquilidade.<\/strong><\/h5>\t\t\t\t\t\t\t\t<\/div>\n\t\t\t\t<div class=\"elementor-element elementor-element-af61e70 elementor-align-left elementor-widget elementor-widget-button\" data-id=\"af61e70\" data-element_type=\"widget\" data-e-type=\"widget\" data-widget_type=\"button.default\">\n\t\t\t\t\t\t\t\t\t\t<a class=\"elementor-button elementor-button-link elementor-size-sm\" href=\"\/en\/about\/\">\n\t\t\t\t\t\t<span class=\"elementor-button-content-wrapper\">\n\t\t\t\t\t\t\t\t\t<span class=\"elementor-button-text\">Sobre N\u00f3s<\/span>\n\t\t\t\t\t<\/span>\n\t\t\t\t\t<\/a>\n\t\t\t\t\t\t\t\t<\/div>\n\t\t\t\t<\/div>\n\t\t<div class=\"elementor-element elementor-element-4585eec4 e-con-full e-flex e-con e-child\" data-id=\"4585eec4\" data-element_type=\"container\" data-e-type=\"container\">\n\t\t\t\t<div class=\"elementor-element elementor-element-c432daa elementor-widget elementor-widget-image\" data-id=\"c432daa\" data-element_type=\"widget\" data-e-type=\"widget\" data-widget_type=\"image.default\">\n\t\t\t\t\t\t\t\t\t\t\t\t\t\t\t<img fetchpriority=\"high\" decoding=\"async\" width=\"2560\" height=\"1440\" src=\"https:\/\/www.tetraedro.pt\/wp-content\/uploads\/2025\/09\/AdobeStock_488310804-scaled.jpeg\" class=\"attachment-full size-full wp-image-69\" alt=\"\" srcset=\"https:\/\/www.tetraedro.pt\/wp-content\/uploads\/2025\/09\/AdobeStock_488310804-scaled.jpeg 2560w, https:\/\/www.tetraedro.pt\/wp-content\/uploads\/2025\/09\/AdobeStock_488310804-300x169.jpeg 300w, https:\/\/www.tetraedro.pt\/wp-content\/uploads\/2025\/09\/AdobeStock_488310804-1024x576.jpeg 1024w, https:\/\/www.tetraedro.pt\/wp-content\/uploads\/2025\/09\/AdobeStock_488310804-768x432.jpeg 768w, https:\/\/www.tetraedro.pt\/wp-content\/uploads\/2025\/09\/AdobeStock_488310804-1536x864.jpeg 1536w, https:\/\/www.tetraedro.pt\/wp-content\/uploads\/2025\/09\/AdobeStock_488310804-2048x1152.jpeg 2048w\" sizes=\"(max-width: 2560px) 100vw, 2560px\" \/>\t\t\t\t\t\t\t\t\t\t\t\t\t\t\t<\/div>\n\t\t\t\t<\/div>\n\t\t\t\t\t<\/div>\n\t\t\t\t<\/div>\n\t\t<div class=\"elementor-element elementor-element-6d526a5f e-flex e-con-boxed e-con e-parent\" data-id=\"6d526a5f\" data-element_type=\"container\" data-e-type=\"container\">\n\t\t\t\t\t<div class=\"e-con-inner\">\n\t\t\t\t<div class=\"elementor-element elementor-element-6f321116 elementor-widget elementor-widget-text-editor\" data-id=\"6f321116\" data-element_type=\"widget\" data-e-type=\"widget\" data-widget_type=\"text-editor.default\">\n\t\t\t\t\t\t\t\t\t<p>\u201cAdoramos a proximidade com que trabalhamos com a TETRAEDRO\u2026 \u00e9 como se tiv\u00e9ssemos um departamento de TI no ARBITRARE, sem ter os custos inerentes a essa estrutura.\u201d<\/p>\t\t\t\t\t\t\t\t<\/div>\n\t\t\t\t<div class=\"elementor-element elementor-element-58618dc2 elementor-widget elementor-widget-heading\" data-id=\"58618dc2\" data-element_type=\"widget\" data-e-type=\"widget\" data-widget_type=\"heading.default\">\n\t\t\t\t\t<h6 class=\"elementor-heading-title elementor-size-default\">Joana Jer\u00f3nimo Soares Correia\n\n<\/h6>\t\t\t\t<\/div>\n\t\t\t\t<div class=\"elementor-element elementor-element-28b1dd7c elementor-widget elementor-widget-text-editor\" data-id=\"28b1dd7c\" data-element_type=\"widget\" data-e-type=\"widget\" data-widget_type=\"text-editor.default\">\n\t\t\t\t\t\t\t\t\t<div class=\"wp-block-cover__inner-container has-global-padding is-layout-constrained wp-container-core-cover-is-layout-3 wp-block-cover-is-layout-constrained\"><p class=\"has-text-align-center has-text-color\" data-oa-prompt=\"Please now create a position of a client for the previous testimonial example. No more than 18 characters.\">Presidente da Dire\u00e7\u00e3o ARBITRARE<\/p><\/div>\t\t\t\t\t\t\t\t<\/div>\n\t\t\t\t\t<\/div>\n\t\t\t\t<\/div>\n\t\t\t\t<\/div>","protected":false},"excerpt":{"rendered":"<p>O seu ponto de partida para a CLOUD Contacte-nos Conhe\u00e7a as nossas solu\u00e7\u00f5es Private Cloud Solu\u00e7\u00f5es de alojamento para as [&hellip;]<\/p>\n","protected":false},"author":1,"featured_media":0,"parent":0,"menu_order":0,"comment_status":"closed","ping_status":"closed","template":"","meta":{"site-sidebar-layout":"no-sidebar","site-content-layout":"","ast-site-content-layout":"full-width-container","site-content-style":"default","site-sidebar-style":"default","ast-global-header-display":"","ast-banner-title-visibility":"","ast-main-header-display":"","ast-hfb-above-header-display":"","ast-hfb-below-header-display":"","ast-hfb-mobile-header-display":"","site-post-title":"disabled","ast-breadcrumbs-content":"","ast-featured-img":"disabled","footer-sml-layout":"","ast-disable-related-posts":"","theme-transparent-header-meta":"enabled","adv-header-id-meta":"","stick-header-meta":"","header-above-stick-meta":"","header-main-stick-meta":"","header-below-stick-meta":"","astra-migrate-meta-layouts":"default","ast-page-background-enabled":"default","ast-page-background-meta":{"desktop":{"background-color":"var(--ast-global-color-4)","background-image":"","background-repeat":"repeat","background-position":"center center","background-size":"auto","background-attachment":"scroll","background-type":"","background-media":"","overlay-type":"","overlay-color":"","overlay-opacity":"","overlay-gradient":""},"tablet":{"background-color":"","background-image":"","background-repeat":"repeat","background-position":"center center","background-size":"auto","background-attachment":"scroll","background-type":"","background-media":"","overlay-type":"","overlay-color":"","overlay-opacity":"","overlay-gradient":""},"mobile":{"background-color":"","background-image":"","background-repeat":"repeat","background-position":"center center","background-size":"auto","background-attachment":"scroll","background-type":"","background-media":"","overlay-type":"","overlay-color":"","overlay-opacity":"","overlay-gradient":""}},"ast-content-background-meta":{"desktop":{"background-color":"var(--ast-global-color-5)","background-image":"","background-repeat":"repeat","background-position":"center center","background-size":"auto","background-attachment":"scroll","background-type":"","background-media":"","overlay-type":"","overlay-color":"","overlay-opacity":"","overlay-gradient":""},"tablet":{"background-color":"var(--ast-global-color-5)","background-image":"","background-repeat":"repeat","background-position":"center center","background-size":"auto","background-attachment":"scroll","background-type":"","background-media":"","overlay-type":"","overlay-color":"","overlay-opacity":"","overlay-gradient":""},"mobile":{"background-color":"var(--ast-global-color-5)","background-image":"","background-repeat":"repeat","background-position":"center center","background-size":"auto","background-attachment":"scroll","background-type":"","background-media":"","overlay-type":"","overlay-color":"","overlay-opacity":"","overlay-gradient":""}},"footnotes":""},"class_list":["post-12","page","type-page","status-publish","hentry"],"_links":{"self":[{"href":"https:\/\/www.tetraedro.pt\/en\/wp-json\/wp\/v2\/pages\/12","targetHints":{"allow":["GET"]}}],"collection":[{"href":"https:\/\/www.tetraedro.pt\/en\/wp-json\/wp\/v2\/pages"}],"about":[{"href":"https:\/\/www.tetraedro.pt\/en\/wp-json\/wp\/v2\/types\/page"}],"author":[{"embeddable":true,"href":"https:\/\/www.tetraedro.pt\/en\/wp-json\/wp\/v2\/users\/1"}],"replies":[{"embeddable":true,"href":"https:\/\/www.tetraedro.pt\/en\/wp-json\/wp\/v2\/comments?post=12"}],"version-history":[{"count":104,"href":"https:\/\/www.tetraedro.pt\/en\/wp-json\/wp\/v2\/pages\/12\/revisions"}],"predecessor-version":[{"id":848,"href":"https:\/\/www.tetraedro.pt\/en\/wp-json\/wp\/v2\/pages\/12\/revisions\/848"}],"wp:attachment":[{"href":"https:\/\/www.tetraedro.pt\/en\/wp-json\/wp\/v2\/media?parent=12"}],"curies":[{"name":"wp","href":"https:\/\/api.w.org\/{rel}","templated":true}]}}