{"id":336,"date":"2026-01-13T10:35:38","date_gmt":"2026-01-13T10:35:38","guid":{"rendered":"https:\/\/www.tetraedro.pt\/?page_id=336"},"modified":"2026-04-27T16:56:48","modified_gmt":"2026-04-27T16:56:48","slug":"parceiros","status":"publish","type":"page","link":"https:\/\/www.tetraedro.pt\/en\/parceiros\/","title":{"rendered":"Parceiros"},"content":{"rendered":"<div data-elementor-type=\"wp-page\" data-elementor-id=\"336\" class=\"elementor elementor-336\">\n\t\t\t\t<div class=\"elementor-element elementor-element-9f3da25 e-flex e-con-boxed e-con e-parent\" data-id=\"9f3da25\" data-element_type=\"container\" data-e-type=\"container\" data-settings=\"{&quot;background_background&quot;:&quot;classic&quot;}\">\n\t\t\t\t\t<div class=\"e-con-inner\">\n\t\t\t\t<div class=\"elementor-element elementor-element-6eccee1 elementor-widget elementor-widget-heading\" data-id=\"6eccee1\" data-element_type=\"widget\" data-e-type=\"widget\" data-widget_type=\"heading.default\">\n\t\t\t\t\t<h1 class=\"elementor-heading-title elementor-size-default\">Parceiros<\/h1>\t\t\t\t<\/div>\n\t\t\t\t\t<\/div>\n\t\t\t\t<\/div>\n\t\t<div class=\"elementor-element elementor-element-6533df9 e-flex e-con-boxed e-con e-parent\" data-id=\"6533df9\" data-element_type=\"container\" data-e-type=\"container\">\n\t\t\t\t\t<div class=\"e-con-inner\">\n\t\t\t\t<div class=\"elementor-element elementor-element-a279401 elementor-widget elementor-widget-text-editor\" data-id=\"a279401\" data-element_type=\"widget\" data-e-type=\"widget\" data-widget_type=\"text-editor.default\">\n\t\t\t\t\t\t\t\t\t<h4 style=\"font-weight: 400;\"><strong>Tecnologia s\u00f3lida constr\u00f3i-se com parcerias s\u00f3lidas<\/strong><\/h4><p style=\"font-weight: 400;\">Na\u00a0<strong>Tetraedro<\/strong>, acreditamos que proteger e estruturar a infraestrutura digital das PMEs exige mais do que compet\u00eancia t\u00e9cnica: exige alian\u00e7as estrat\u00e9gicas com fabricantes e plataformas l\u00edderes no setor das Tecnologias de Informa\u00e7\u00e3o.<\/p><p style=\"font-weight: 400;\">Selecionamos cuidadosamente os nossos parceiros com base em tr\u00eas crit\u00e9rios fundamentais:<\/p><ul style=\"font-weight: 400;\"><li>Seguran\u00e7a comprovada<\/li><li>Fiabilidade operacional<\/li><li>Continuidade e evolu\u00e7\u00e3o tecnol\u00f3gica<\/li><\/ul><p><span style=\"font-weight: 400;\">Porque os nossos clientes merecem solu\u00e7\u00f5es robustas, est\u00e1veis e preparadas para o futuro.<\/span><\/p>\t\t\t\t\t\t\t\t<\/div>\n\t\t\t\t\t<\/div>\n\t\t\t\t<\/div>\n\t\t<div class=\"elementor-element elementor-element-3197317 e-flex e-con-boxed e-con e-parent\" data-id=\"3197317\" data-element_type=\"container\" data-e-type=\"container\">\n\t\t\t\t\t<div class=\"e-con-inner\">\n\t\t\t\t<div class=\"elementor-element elementor-element-d3a898c elementor-widget elementor-widget-heading\" data-id=\"d3a898c\" data-element_type=\"widget\" data-e-type=\"widget\" data-widget_type=\"heading.default\">\n\t\t\t\t\t<h2 class=\"elementor-heading-title elementor-size-default\">Os Nossos Parceiros Tecnol\u00f3gicos<\/h2>\t\t\t\t<\/div>\n\t\t\t\t\t<\/div>\n\t\t\t\t<\/div>\n\t\t<div class=\"elementor-element elementor-element-90d1555 e-flex e-con-boxed e-con e-parent\" data-id=\"90d1555\" data-element_type=\"container\" data-e-type=\"container\">\n\t\t\t\t\t<div class=\"e-con-inner\">\n\t\t\t\t<div class=\"elementor-element elementor-element-13655a5 elementor-widget elementor-widget-image\" data-id=\"13655a5\" data-element_type=\"widget\" data-e-type=\"widget\" data-widget_type=\"image.default\">\n\t\t\t\t\t\t\t\t\t\t\t\t\t\t\t<img decoding=\"async\" width=\"300\" height=\"78\" src=\"https:\/\/www.tetraedro.pt\/wp-content\/uploads\/2026\/01\/Microsoft-logo-300x78.webp\" class=\"attachment-medium size-medium wp-image-347\" alt=\"\" srcset=\"https:\/\/www.tetraedro.pt\/wp-content\/uploads\/2026\/01\/Microsoft-logo-300x78.webp 300w, https:\/\/www.tetraedro.pt\/wp-content\/uploads\/2026\/01\/Microsoft-logo.webp 768w\" sizes=\"(max-width: 300px) 100vw, 300px\" \/>\t\t\t\t\t\t\t\t\t\t\t\t\t\t\t<\/div>\n\t\t\t\t\t<\/div>\n\t\t\t\t<\/div>\n\t\t<div class=\"elementor-element elementor-element-d04463e e-flex e-con-boxed e-con e-parent\" data-id=\"d04463e\" data-element_type=\"container\" data-e-type=\"container\">\n\t\t\t\t\t<div class=\"e-con-inner\">\n\t\t\t\t<div class=\"elementor-element elementor-element-a325715 elementor-widget elementor-widget-text-editor\" data-id=\"a325715\" data-element_type=\"widget\" data-e-type=\"widget\" data-widget_type=\"text-editor.default\">\n\t\t\t\t\t\t\t\t\t<h5 style=\"font-weight: 400;\"><strong>Infraestrutura, produtividade e cloud empresarial<\/strong><\/h5><p style=\"font-weight: 400;\">A Microsoft \u00e9 uma refer\u00eancia global em solu\u00e7\u00f5es empresariais, cloud computing e produtividade.<\/p><p style=\"font-weight: 400;\">Atrav\u00e9s desta parceria, disponibilizamos:<\/p><ul style=\"font-weight: 400;\"><li>Licenciamento Microsoft (CSP, SPLA e AZURE)<\/li><li>Microsoft 365 e Exchange Online<\/li><li>Solu\u00e7\u00f5es de produtividade empresarial<\/li><li>Integra\u00e7\u00e3o com ambientes h\u00edbridos e cloud<\/li><\/ul><p><span style=\"font-weight: 400;\">Garantimos que as ferramentas que a sua empresa utiliza diariamente est\u00e3o corretamente configuradas, seguras e alinhadas com as melhores pr\u00e1ticas.<\/span><\/p>\t\t\t\t\t\t\t\t<\/div>\n\t\t\t\t\t<\/div>\n\t\t\t\t<\/div>\n\t\t<div class=\"elementor-element elementor-element-db2307f e-flex e-con-boxed e-con e-parent\" data-id=\"db2307f\" data-element_type=\"container\" data-e-type=\"container\">\n\t\t\t\t\t<div class=\"e-con-inner\">\n\t\t\t\t<div class=\"elementor-element elementor-element-90f2697 elementor-widget elementor-widget-image\" data-id=\"90f2697\" data-element_type=\"widget\" data-e-type=\"widget\" data-widget_type=\"image.default\">\n\t\t\t\t\t\t\t\t\t\t\t\t\t\t\t<img decoding=\"async\" width=\"300\" height=\"119\" src=\"https:\/\/www.tetraedro.pt\/wp-content\/uploads\/2026\/01\/ESET_logo.svg-300x119.png\" class=\"attachment-medium size-medium wp-image-346\" alt=\"\" srcset=\"https:\/\/www.tetraedro.pt\/wp-content\/uploads\/2026\/01\/ESET_logo.svg-300x119.png 300w, https:\/\/www.tetraedro.pt\/wp-content\/uploads\/2026\/01\/ESET_logo.svg-1024x405.png 1024w, https:\/\/www.tetraedro.pt\/wp-content\/uploads\/2026\/01\/ESET_logo.svg-768x304.png 768w, https:\/\/www.tetraedro.pt\/wp-content\/uploads\/2026\/01\/ESET_logo.svg.png 1200w\" sizes=\"(max-width: 300px) 100vw, 300px\" \/>\t\t\t\t\t\t\t\t\t\t\t\t\t\t\t<\/div>\n\t\t\t\t\t<\/div>\n\t\t\t\t<\/div>\n\t\t<div class=\"elementor-element elementor-element-f28c9ac e-flex e-con-boxed e-con e-parent\" data-id=\"f28c9ac\" data-element_type=\"container\" data-e-type=\"container\">\n\t\t\t\t\t<div class=\"e-con-inner\">\n\t\t\t\t<div class=\"elementor-element elementor-element-296e927 elementor-widget elementor-widget-text-editor\" data-id=\"296e927\" data-element_type=\"widget\" data-e-type=\"widget\" data-widget_type=\"text-editor.default\">\n\t\t\t\t\t\t\t\t\t<h5 style=\"font-weight: 400;\"><strong>Seguran\u00e7a digital ativa e prote\u00e7\u00e3o contra amea\u00e7as<\/strong><\/h5><p style=\"font-weight: 400;\">Num cen\u00e1rio onde os ataques inform\u00e1ticos s\u00e3o cada vez mais frequentes, a preven\u00e7\u00e3o \u00e9 essencial.<\/p><p style=\"font-weight: 400;\">Com a ESET, refor\u00e7amos:<\/p><ul style=\"font-weight: 400;\"><li>Prote\u00e7\u00e3o antiv\u00edrus empresarial<\/li><li>Seguran\u00e7a de endpoints<\/li><li>Monitoriza\u00e7\u00e3o de amea\u00e7as<\/li><li>Defesa contra ransomware<\/li><\/ul><p><span style=\"font-weight: 400;\">N\u00e3o se trata apenas de instalar software, trata-se de proteger o neg\u00f3cio.<\/span><\/p>\t\t\t\t\t\t\t\t<\/div>\n\t\t\t\t\t<\/div>\n\t\t\t\t<\/div>\n\t\t<div class=\"elementor-element elementor-element-5344d92 e-flex e-con-boxed e-con e-parent\" data-id=\"5344d92\" data-element_type=\"container\" data-e-type=\"container\">\n\t\t\t\t\t<div class=\"e-con-inner\">\n\t\t\t\t<div class=\"elementor-element elementor-element-1fcf684 elementor-widget elementor-widget-image\" data-id=\"1fcf684\" data-element_type=\"widget\" data-e-type=\"widget\" data-widget_type=\"image.default\">\n\t\t\t\t\t\t\t\t\t\t\t\t\t\t\t<img decoding=\"async\" width=\"300\" height=\"90\" src=\"https:\/\/www.tetraedro.pt\/wp-content\/uploads\/2026\/01\/PNG_Veeam_Logo_25-percent-1-300x90.png\" class=\"attachment-medium size-medium wp-image-344\" alt=\"\" srcset=\"https:\/\/www.tetraedro.pt\/wp-content\/uploads\/2026\/01\/PNG_Veeam_Logo_25-percent-1-300x90.png 300w, https:\/\/www.tetraedro.pt\/wp-content\/uploads\/2026\/01\/PNG_Veeam_Logo_25-percent-1-1024x309.png 1024w, https:\/\/www.tetraedro.pt\/wp-content\/uploads\/2026\/01\/PNG_Veeam_Logo_25-percent-1-768x232.png 768w, https:\/\/www.tetraedro.pt\/wp-content\/uploads\/2026\/01\/PNG_Veeam_Logo_25-percent-1.png 1250w\" sizes=\"(max-width: 300px) 100vw, 300px\" \/>\t\t\t\t\t\t\t\t\t\t\t\t\t\t\t<\/div>\n\t\t\t\t\t<\/div>\n\t\t\t\t<\/div>\n\t\t<div class=\"elementor-element elementor-element-9dcaf0d e-flex e-con-boxed e-con e-parent\" data-id=\"9dcaf0d\" data-element_type=\"container\" data-e-type=\"container\">\n\t\t\t\t\t<div class=\"e-con-inner\">\n\t\t\t\t<div class=\"elementor-element elementor-element-521c116 elementor-widget elementor-widget-text-editor\" data-id=\"521c116\" data-element_type=\"widget\" data-e-type=\"widget\" data-widget_type=\"text-editor.default\">\n\t\t\t\t\t\t\t\t\t<h5 style=\"font-weight: 400;\"><strong>Backup e recupera\u00e7\u00e3o de dados sem compromissos<\/strong><\/h5><p style=\"font-weight: 400;\">A perda de dados pode significar paragem operacional e preju\u00edzo financeiro.<\/p><p style=\"font-weight: 400;\">Com a Veeam, proporcionamos:<\/p><ul style=\"font-weight: 400;\"><li>Backup automatizado e seguro<\/li><li>Recupera\u00e7\u00e3o r\u00e1pida em caso de falha<\/li><li>Continuidade operacional<\/li><li>Prote\u00e7\u00e3o contra elimina\u00e7\u00e3o acidental ou ataques<\/li><\/ul><p><span style=\"font-weight: 400;\">Se algo acontecer, a recupera\u00e7\u00e3o \u00e9 r\u00e1pida e estruturada.<\/span><\/p>\t\t\t\t\t\t\t\t<\/div>\n\t\t\t\t\t<\/div>\n\t\t\t\t<\/div>\n\t\t<div class=\"elementor-element elementor-element-6ff0049 e-flex e-con-boxed e-con e-parent\" data-id=\"6ff0049\" data-element_type=\"container\" data-e-type=\"container\">\n\t\t\t\t\t<div class=\"e-con-inner\">\n\t\t\t\t<div class=\"elementor-element elementor-element-7099991 elementor-widget elementor-widget-image\" data-id=\"7099991\" data-element_type=\"widget\" data-e-type=\"widget\" data-widget_type=\"image.default\">\n\t\t\t\t\t\t\t\t\t\t\t\t\t\t\t<img loading=\"lazy\" decoding=\"async\" width=\"1024\" height=\"129\" src=\"https:\/\/www.tetraedro.pt\/wp-content\/uploads\/2026\/03\/anubis-1024x129.png\" class=\"attachment-large size-large wp-image-792\" alt=\"\" srcset=\"https:\/\/www.tetraedro.pt\/wp-content\/uploads\/2026\/03\/anubis-1024x129.png 1024w, https:\/\/www.tetraedro.pt\/wp-content\/uploads\/2026\/03\/anubis-300x38.png 300w, https:\/\/www.tetraedro.pt\/wp-content\/uploads\/2026\/03\/anubis-768x97.png 768w, https:\/\/www.tetraedro.pt\/wp-content\/uploads\/2026\/03\/anubis-1536x193.png 1536w, https:\/\/www.tetraedro.pt\/wp-content\/uploads\/2026\/03\/anubis-2048x258.png 2048w\" sizes=\"(max-width: 1024px) 100vw, 1024px\" \/>\t\t\t\t\t\t\t\t\t\t\t\t\t\t\t<\/div>\n\t\t\t\t\t<\/div>\n\t\t\t\t<\/div>\n\t\t<div class=\"elementor-element elementor-element-09a5897 e-flex e-con-boxed e-con e-parent\" data-id=\"09a5897\" data-element_type=\"container\" data-e-type=\"container\">\n\t\t\t\t\t<div class=\"e-con-inner\">\n\t\t\t\t<div class=\"elementor-element elementor-element-c09490d elementor-widget elementor-widget-text-editor\" data-id=\"c09490d\" data-element_type=\"widget\" data-e-type=\"widget\" data-widget_type=\"text-editor.default\">\n\t\t\t\t\t\t\t\t\t<h5 style=\"font-weight: 400;\"><strong>Seguran\u00e7a avan\u00e7ada de email e prote\u00e7\u00e3o contra amea\u00e7as sofisticadas<\/strong><\/h5><p style=\"font-weight: 400;\">O email continua a ser o principal vetor de ataque \u00e0s organiza\u00e7\u00f5es. Phishing, fraude, spoofing e ransomware exploram falhas que muitas vezes passam despercebidas nas plataformas cloud standard.<\/p><p style=\"font-weight: 400;\">Com a\u00a0<strong>AnubisNetworks<\/strong>, refor\u00e7amos:<\/p><ul><li style=\"font-weight: 400;\">Prote\u00e7\u00e3o avan\u00e7ada Anti-Phishing e Anti-Spoofing<\/li><li style=\"font-weight: 400;\">Filtragem inteligente Anti-Spam multi-camada<\/li><li style=\"font-weight: 400;\">An\u00e1lise din\u00e2mica de malware (Sandbox)<\/li><li style=\"font-weight: 400;\">Data Leakage Protection (DLP)<\/li><li style=\"font-weight: 400;\">Controlo granular de pol\u00edticas e reputa\u00e7\u00e3o de dom\u00ednio<\/li><\/ul><p style=\"font-weight: 400;\">Ao adicionar uma camada especializada de seguran\u00e7a ao Microsoft 365 ou Google Workspace, garantimos maior controlo, visibilidade e prote\u00e7\u00e3o das comunica\u00e7\u00f5es empresariais.<\/p><p><span style=\"font-weight: 400;\">N\u00e3o se trata apenas de filtrar emails, trata-se de proteger a reputa\u00e7\u00e3o, os dados e a continuidade do neg\u00f3cio.<\/span><\/p>\t\t\t\t\t\t\t\t<\/div>\n\t\t\t\t\t<\/div>\n\t\t\t\t<\/div>\n\t\t<div class=\"elementor-element elementor-element-8b3fb34 e-flex e-con-boxed e-con e-parent\" data-id=\"8b3fb34\" data-element_type=\"container\" data-e-type=\"container\">\n\t\t\t\t\t<div class=\"e-con-inner\">\n\t\t\t\t<div class=\"elementor-element elementor-element-d522c2d elementor-widget elementor-widget-heading\" data-id=\"d522c2d\" data-element_type=\"widget\" data-e-type=\"widget\" data-widget_type=\"heading.default\">\n\t\t\t\t\t<h2 class=\"elementor-heading-title elementor-size-default\">Porque estas parcerias fazem a diferen\u00e7a?<\/h2>\t\t\t\t<\/div>\n\t\t\t\t\t<\/div>\n\t\t\t\t<\/div>\n\t\t<div class=\"elementor-element elementor-element-d5a0e47 e-flex e-con-boxed e-con e-parent\" data-id=\"d5a0e47\" data-element_type=\"container\" data-e-type=\"container\">\n\t\t\t\t\t<div class=\"e-con-inner\">\n\t\t\t\t<div class=\"elementor-element elementor-element-834046e elementor-widget elementor-widget-text-editor\" data-id=\"834046e\" data-element_type=\"widget\" data-e-type=\"widget\" data-widget_type=\"text-editor.default\">\n\t\t\t\t\t\t\t\t\t<p style=\"font-weight: 400;\">Ao integrar estas tecnologias na nossa infraestrutura pr\u00f3pria em Portugal, proporcionamos:<\/p><p style=\"font-weight: 400;\">\u2714 Maior seguran\u00e7a<br \/>\u2714 Melhor desempenho<br \/>\u2714 Conformidade legal<br \/>\u2714 Continuidade operacional<br \/>\u2714 Solu\u00e7\u00f5es adaptadas \u00e0 realidade das PMEs<\/p><p style=\"font-weight: 400;\">N\u00e3o escolhemos parceiros pelo nome.<br \/>Escolhemos pela capacidade de proteger os nossos clientes.<\/p>\t\t\t\t\t\t\t\t<\/div>\n\t\t\t\t\t<\/div>\n\t\t\t\t<\/div>\n\t\t<div class=\"elementor-element elementor-element-d77c1e3 e-flex e-con-boxed e-con e-parent\" data-id=\"d77c1e3\" data-element_type=\"container\" data-e-type=\"container\">\n\t\t\t\t\t<div class=\"e-con-inner\">\n\t\t\t\t<div class=\"elementor-element elementor-element-50e4a35 elementor-widget elementor-widget-heading\" data-id=\"50e4a35\" data-element_type=\"widget\" data-e-type=\"widget\" data-widget_type=\"heading.default\">\n\t\t\t\t\t<h2 class=\"elementor-heading-title elementor-size-default\">A Nossa Garantia<\/h2>\t\t\t\t<\/div>\n\t\t\t\t\t<\/div>\n\t\t\t\t<\/div>\n\t\t<div class=\"elementor-element elementor-element-bd601dd e-flex e-con-boxed e-con e-parent\" data-id=\"bd601dd\" data-element_type=\"container\" data-e-type=\"container\">\n\t\t\t\t\t<div class=\"e-con-inner\">\n\t\t\t\t<div class=\"elementor-element elementor-element-ff09372 elementor-widget elementor-widget-text-editor\" data-id=\"ff09372\" data-element_type=\"widget\" data-e-type=\"widget\" data-widget_type=\"text-editor.default\">\n\t\t\t\t\t\t\t\t\t<p style=\"font-weight: 400;\">A Tetraedro combina:<\/p><ul style=\"font-weight: 400;\"><li>Infraestrutura pr\u00f3pria<\/li><li>Suporte humano e pr\u00f3ximo<\/li><li>Parcerias com l\u00edderes tecnol\u00f3gicos<\/li><li>Experi\u00eancia acumulada desde 2009<\/li><\/ul><p style=\"font-weight: 400;\">O resultado?<\/p><p><strong>Seguran\u00e7a, confian\u00e7a e tranquilidade tecnol\u00f3gica para o seu neg\u00f3cio.<\/strong><\/p>\t\t\t\t\t\t\t\t<\/div>\n\t\t\t\t\t<\/div>\n\t\t\t\t<\/div>\n\t\t\t\t<\/div>","protected":false},"excerpt":{"rendered":"<p>Parceiros Tecnologia s\u00f3lida constr\u00f3i-se com parcerias s\u00f3lidas Na\u00a0Tetraedro, acreditamos que proteger e estruturar a infraestrutura digital das PMEs exige mais [&hellip;]<\/p>\n","protected":false},"author":1,"featured_media":0,"parent":0,"menu_order":0,"comment_status":"closed","ping_status":"closed","template":"","meta":{"site-sidebar-layout":"no-sidebar","site-content-layout":"","ast-site-content-layout":"full-width-container","site-content-style":"default","site-sidebar-style":"default","ast-global-header-display":"","ast-banner-title-visibility":"","ast-main-header-display":"","ast-hfb-above-header-display":"","ast-hfb-below-header-display":"","ast-hfb-mobile-header-display":"","site-post-title":"","ast-breadcrumbs-content":"","ast-featured-img":"disabled","footer-sml-layout":"","ast-disable-related-posts":"","theme-transparent-header-meta":"","adv-header-id-meta":"","stick-header-meta":"","header-above-stick-meta":"","header-main-stick-meta":"","header-below-stick-meta":"","astra-migrate-meta-layouts":"default","ast-page-background-enabled":"default","ast-page-background-meta":{"desktop":{"background-color":"var(--ast-global-color-4)","background-image":"","background-repeat":"repeat","background-position":"center center","background-size":"auto","background-attachment":"scroll","background-type":"","background-media":"","overlay-type":"","overlay-color":"","overlay-opacity":"","overlay-gradient":""},"tablet":{"background-color":"","background-image":"","background-repeat":"repeat","background-position":"center center","background-size":"auto","background-attachment":"scroll","background-type":"","background-media":"","overlay-type":"","overlay-color":"","overlay-opacity":"","overlay-gradient":""},"mobile":{"background-color":"","background-image":"","background-repeat":"repeat","background-position":"center center","background-size":"auto","background-attachment":"scroll","background-type":"","background-media":"","overlay-type":"","overlay-color":"","overlay-opacity":"","overlay-gradient":""}},"ast-content-background-meta":{"desktop":{"background-color":"var(--ast-global-color-5)","background-image":"","background-repeat":"repeat","background-position":"center center","background-size":"auto","background-attachment":"scroll","background-type":"","background-media":"","overlay-type":"","overlay-color":"","overlay-opacity":"","overlay-gradient":""},"tablet":{"background-color":"var(--ast-global-color-5)","background-image":"","background-repeat":"repeat","background-position":"center center","background-size":"auto","background-attachment":"scroll","background-type":"","background-media":"","overlay-type":"","overlay-color":"","overlay-opacity":"","overlay-gradient":""},"mobile":{"background-color":"var(--ast-global-color-5)","background-image":"","background-repeat":"repeat","background-position":"center center","background-size":"auto","background-attachment":"scroll","background-type":"","background-media":"","overlay-type":"","overlay-color":"","overlay-opacity":"","overlay-gradient":""}},"footnotes":""},"class_list":["post-336","page","type-page","status-publish","hentry"],"_links":{"self":[{"href":"https:\/\/www.tetraedro.pt\/en\/wp-json\/wp\/v2\/pages\/336","targetHints":{"allow":["GET"]}}],"collection":[{"href":"https:\/\/www.tetraedro.pt\/en\/wp-json\/wp\/v2\/pages"}],"about":[{"href":"https:\/\/www.tetraedro.pt\/en\/wp-json\/wp\/v2\/types\/page"}],"author":[{"embeddable":true,"href":"https:\/\/www.tetraedro.pt\/en\/wp-json\/wp\/v2\/users\/1"}],"replies":[{"embeddable":true,"href":"https:\/\/www.tetraedro.pt\/en\/wp-json\/wp\/v2\/comments?post=336"}],"version-history":[{"count":91,"href":"https:\/\/www.tetraedro.pt\/en\/wp-json\/wp\/v2\/pages\/336\/revisions"}],"predecessor-version":[{"id":840,"href":"https:\/\/www.tetraedro.pt\/en\/wp-json\/wp\/v2\/pages\/336\/revisions\/840"}],"wp:attachment":[{"href":"https:\/\/www.tetraedro.pt\/en\/wp-json\/wp\/v2\/media?parent=336"}],"curies":[{"name":"wp","href":"https:\/\/api.w.org\/{rel}","templated":true}]}}