{"id":580,"date":"2026-01-23T11:16:52","date_gmt":"2026-01-23T11:16:52","guid":{"rendered":"https:\/\/www.tetraedro.pt\/cookie-policy\/"},"modified":"2026-04-27T18:46:23","modified_gmt":"2026-04-27T18:46:23","slug":"politica-de-cookies","status":"publish","type":"page","link":"https:\/\/www.tetraedro.pt\/en\/politica-de-cookies\/","title":{"rendered":"Pol\u00edtica de Cookies"},"content":{"rendered":"<div data-elementor-type=\"wp-page\" data-elementor-id=\"580\" class=\"elementor elementor-580\">\n\t\t\t\t<div class=\"elementor-element elementor-element-d542939 e-flex e-con-boxed e-con e-parent\" data-id=\"d542939\" data-element_type=\"container\" data-e-type=\"container\" data-settings=\"{&quot;background_background&quot;:&quot;classic&quot;}\">\n\t\t\t\t\t<div class=\"e-con-inner\">\n\t\t\t\t<div class=\"elementor-element elementor-element-260f7b1 elementor-widget elementor-widget-heading\" data-id=\"260f7b1\" data-element_type=\"widget\" data-e-type=\"widget\" data-widget_type=\"heading.default\">\n\t\t\t\t\t<h2 class=\"elementor-heading-title elementor-size-default\">Pol\u00edtica de Cookies<\/h2>\t\t\t\t<\/div>\n\t\t\t\t\t<\/div>\n\t\t\t\t<\/div>\n\t\t<div class=\"elementor-element elementor-element-2bc429e4 e-flex e-con-boxed e-con e-parent\" data-id=\"2bc429e4\" data-element_type=\"container\" data-e-type=\"container\" data-settings=\"{&quot;background_background&quot;:&quot;classic&quot;}\">\n\t\t\t\t\t<div class=\"e-con-inner\">\n\t\t\t\t<div class=\"elementor-element elementor-element-5e45674f elementor-widget elementor-widget-text-editor\" data-id=\"5e45674f\" data-element_type=\"widget\" data-e-type=\"widget\" data-widget_type=\"text-editor.default\">\n\t\t\t\t\t\t\t\t\t\n<h4><b><span data-contrast=\"auto\">O que s\u00e3o <\/span><\/b><b><i><span data-contrast=\"auto\">Cookies<\/span><\/i><\/b><b><span data-contrast=\"auto\">?<\/span><\/b><span data-ccp-props=\"{&quot;201341983&quot;:0,&quot;335551550&quot;:6,&quot;335551620&quot;:6,&quot;335559738&quot;:240,&quot;335559739&quot;:0,&quot;335559740&quot;:276}\">\u00a0<\/span><\/h4>\n<p><i><span data-contrast=\"auto\">Cookies<\/span><\/i><span data-contrast=\"auto\"> s\u00e3o pequenas etiquetas de software que s\u00e3o armazenadas nos equipamentos de acesso atrav\u00e9s do navegador (browser), retendo apenas informa\u00e7\u00e3o relacionada com as prefer\u00eancias, que n\u00e3o s\u00e3o utilizadas para identificar pessoalmente os utilizadores, n\u00e3o incluindo, como tal, os dados pessoais.<\/span><span data-contrast=\"auto\">\u202f<\/span><span data-ccp-props=\"{&quot;201341983&quot;:0,&quot;335551550&quot;:6,&quot;335551620&quot;:6,&quot;335559739&quot;:150,&quot;335559740&quot;:276}\">\u00a0<\/span><\/p>\n<p><span data-ccp-props=\"{&quot;201341983&quot;:0,&quot;335551550&quot;:6,&quot;335551620&quot;:6,&quot;335559738&quot;:240,&quot;335559739&quot;:0,&quot;335559740&quot;:276}\">\u00a0<\/span><\/p>\n<h4><b><span data-contrast=\"auto\">Para que servem os <\/span><\/b><b><i><span data-contrast=\"auto\">Cookies<\/span><\/i><\/b><b><span data-contrast=\"auto\">?<\/span><\/b><span data-ccp-props=\"{&quot;201341983&quot;:0,&quot;335551550&quot;:6,&quot;335551620&quot;:6,&quot;335559738&quot;:240,&quot;335559739&quot;:0,&quot;335559740&quot;:276}\">\u00a0<\/span><\/h4>\n<p><span data-contrast=\"auto\">Os <\/span><i><span data-contrast=\"auto\">cookies<\/span><\/i><span data-contrast=\"auto\"> servem para ajudar a determinar a utilidade, interesse e o n\u00famero de utiliza\u00e7\u00f5es dos <\/span><i><span data-contrast=\"auto\">websites<\/span><\/i><span data-contrast=\"auto\">, permitindo uma navega\u00e7\u00e3o mais r\u00e1pida e eficiente, eliminando a necessidade de introduzir repetidamente as mesmas informa\u00e7\u00f5es.<\/span><span data-contrast=\"auto\">\u202f<\/span><span data-ccp-props=\"{&quot;201341983&quot;:0,&quot;335551550&quot;:6,&quot;335551620&quot;:6,&quot;335559739&quot;:150,&quot;335559740&quot;:276}\">\u00a0<\/span><\/p>\n<p><span data-ccp-props=\"{&quot;201341983&quot;:0,&quot;335551550&quot;:6,&quot;335551620&quot;:6,&quot;335559738&quot;:240,&quot;335559739&quot;:0,&quot;335559740&quot;:276}\">\u00a0<\/span><\/p>\n<h4><b><span data-contrast=\"auto\">Que tipo de <\/span><\/b><b><i><span data-contrast=\"auto\">cookies<\/span><\/i><\/b><b><span data-contrast=\"auto\"> existem?<\/span><\/b><span data-ccp-props=\"{&quot;201341983&quot;:0,&quot;335551550&quot;:6,&quot;335551620&quot;:6,&quot;335559738&quot;:240,&quot;335559739&quot;:0,&quot;335559740&quot;:276}\">\u00a0<\/span><\/h4>\n<p><span data-contrast=\"auto\">Existem dois grupos cookies de acordo com o per\u00edodo em que ficam armazenados:<\/span><span data-ccp-props=\"{&quot;201341983&quot;:0,&quot;335551550&quot;:6,&quot;335551620&quot;:6,&quot;335559739&quot;:150,&quot;335559740&quot;:276}\">\u00a0<\/span><\/p>\n<p><b><i><span data-contrast=\"auto\">Cookies <\/span><\/i><\/b><b><span data-contrast=\"auto\">permanentes<\/span><\/b><span data-contrast=\"auto\">\u202f- s\u00e3o <\/span><i><span data-contrast=\"auto\">cookies<\/span><\/i><span data-contrast=\"auto\"> que ficam armazenados ao n\u00edvel do browser nos equipamentos de acesso (PC, mobile e tablet) e que s\u00e3o utilizados sempre que faz uma nova visita ao website da TETRAEDRO. S\u00e3o utilizados, geralmente, para direcionar a navega\u00e7\u00e3o de acordo com os interesses do utilizador, permitindo prestar um servi\u00e7o mais personalizado.<\/span><span data-ccp-props=\"{&quot;201341983&quot;:0,&quot;335551550&quot;:6,&quot;335551620&quot;:6,&quot;335559739&quot;:150,&quot;335559740&quot;:276}\">\u00a0<\/span><\/p>\n<p><b><i><span data-contrast=\"auto\">Cookies<\/span><\/i><\/b><b><span data-contrast=\"auto\"> de sess\u00e3o<\/span><\/b><span data-contrast=\"auto\">\u202f- s\u00e3o <\/span><i><span data-contrast=\"auto\">cookies<\/span><\/i><span data-contrast=\"auto\"> tempor\u00e1rios que permanecem no arquivo de <\/span><i><span data-contrast=\"auto\">cookies<\/span><\/i><span data-contrast=\"auto\"> do <\/span><i><span data-contrast=\"auto\">browser<\/span><\/i><span data-contrast=\"auto\"> at\u00e9 sair do website, fazer <\/span><i><span data-contrast=\"auto\">log out<\/span><\/i><span data-contrast=\"auto\"> da sess\u00e3o ou limpar os <\/span><i><span data-contrast=\"auto\">cookies<\/span><\/i><span data-contrast=\"auto\">. A informa\u00e7\u00e3o obtida atrav\u00e9s destes <\/span><i><span data-contrast=\"auto\">cookies<\/span><\/i><span data-contrast=\"auto\"> serve para analisar padr\u00f5es de tr\u00e1fego na web, permitindo identificar problemas e fornecer uma melhor experi\u00eancia de navega\u00e7\u00e3o.<\/span><span data-contrast=\"auto\">\u202f<\/span><span data-ccp-props=\"{&quot;201341983&quot;:0,&quot;335551550&quot;:6,&quot;335551620&quot;:6,&quot;335559739&quot;:150,&quot;335559740&quot;:276}\">\u00a0<\/span><\/p>\n<p><span data-ccp-props=\"{&quot;201341983&quot;:0,&quot;335551550&quot;:6,&quot;335551620&quot;:6,&quot;335559738&quot;:240,&quot;335559739&quot;:0,&quot;335559740&quot;:276}\">\u00a0<\/span><\/p>\n<h4><b><span data-contrast=\"auto\">Para que fins se utilizam os <\/span><\/b><b><i><span data-contrast=\"auto\">cookies<\/span><\/i><\/b><b><span data-contrast=\"auto\">?<\/span><\/b><span data-ccp-props=\"{&quot;201341983&quot;:0,&quot;335551550&quot;:6,&quot;335551620&quot;:6,&quot;335559738&quot;:240,&quot;335559739&quot;:0,&quot;335559740&quot;:276}\">\u00a0<\/span><\/h4>\n<p><i><span data-contrast=\"auto\">Cookies<\/span><\/i><span data-contrast=\"auto\"> estritamente necess\u00e1rios\u202f- Permitem a navega\u00e7\u00e3o no website e utiliza\u00e7\u00e3o das aplica\u00e7\u00f5es, bem como aceder a \u00e1reas seguras do website. Sem estes <\/span><i><span data-contrast=\"auto\">cookies<\/span><\/i><span data-contrast=\"auto\">, os servi\u00e7os requeridos n\u00e3o podem ser prestados.<\/span><span data-ccp-props=\"{&quot;201341983&quot;:0,&quot;335551550&quot;:6,&quot;335551620&quot;:6,&quot;335559739&quot;:0,&quot;335559740&quot;:276}\">\u00a0<\/span><\/p>\n<p><i><span data-contrast=\"auto\">Cookies<\/span><\/i><span data-contrast=\"auto\"> anal\u00edticos\u202f- S\u00e3o utilizados anonimamente para efeitos de cria\u00e7\u00e3o e an\u00e1lise de estat\u00edsticas, com o objetivo de melhorar o funcionamento do website.<\/span><span data-ccp-props=\"{&quot;201341983&quot;:0,&quot;335551550&quot;:6,&quot;335551620&quot;:6,&quot;335559739&quot;:150,&quot;335559740&quot;:276}\">\u00a0<\/span><\/p>\n<p><i><span data-contrast=\"auto\">Cookies<\/span><\/i><span data-contrast=\"auto\"> de funcionalidade\u202f- Guardam as prefer\u00eancias do utilizador relativamente \u00e0 utiliza\u00e7\u00e3o do site, para que n\u00e3o seja necess\u00e1rio voltar a configurar o site cada vez que o visita.<\/span><span data-ccp-props=\"{&quot;201341983&quot;:0,&quot;335551550&quot;:6,&quot;335551620&quot;:6,&quot;335559739&quot;:150,&quot;335559740&quot;:276}\">\u00a0<\/span><\/p>\n<p><i><span data-contrast=\"auto\">Cookies<\/span><\/i><span data-contrast=\"auto\"> de terceiros\u202f- Medem o sucesso de aplica\u00e7\u00f5es e a efic\u00e1cia da publicidade de terceiros. Podem tamb\u00e9m ser utilizados no sentido de personalizar um <\/span><i><span data-contrast=\"auto\">widget<\/span><\/i><span data-contrast=\"auto\"> com dados do utilizador.<\/span><span data-ccp-props=\"{&quot;201341983&quot;:0,&quot;335551550&quot;:6,&quot;335551620&quot;:6,&quot;335559739&quot;:150,&quot;335559740&quot;:276}\">\u00a0<\/span><\/p>\n<p><i><span data-contrast=\"auto\">Cookies<\/span><\/i><span data-contrast=\"auto\"> de publicidade\u202f- Direcionam a publicidade em fun\u00e7\u00e3o dos interesses de cada utilizador, por forma a direcionar as campanhas publicit\u00e1rias de acordo com as os gostos dos utilizadores, sendo que, al\u00e9m disso, limitam a quantidade de vezes que v\u00ea o an\u00fancio, ajudando a medir a efic\u00e1cia da publicidade e o sucesso da organiza\u00e7\u00e3o do website.<\/span><span data-ccp-props=\"{&quot;201341983&quot;:0,&quot;335551550&quot;:6,&quot;335551620&quot;:6,&quot;335559739&quot;:150,&quot;335559740&quot;:276}\">\u00a0<\/span><\/p>\n<p><span data-ccp-props=\"{&quot;201341983&quot;:0,&quot;335551550&quot;:6,&quot;335551620&quot;:6,&quot;335559739&quot;:150,&quot;335559740&quot;:276}\">\u00a0<\/span><span data-ccp-props=\"{&quot;201341983&quot;:0,&quot;335551550&quot;:6,&quot;335551620&quot;:6,&quot;335559739&quot;:150,&quot;335559740&quot;:276}\">\u00a0<\/span><\/p>\n<h4><b><span data-contrast=\"auto\">Que <\/span><\/b><b><i><span data-contrast=\"auto\">cookies<\/span><\/i><\/b><b><span data-contrast=\"auto\"> usamos no nosso site?<\/span><\/b><span data-ccp-props=\"{&quot;201341983&quot;:0,&quot;335551550&quot;:6,&quot;335551620&quot;:6,&quot;335559738&quot;:240,&quot;335559739&quot;:0,&quot;335559740&quot;:276}\">\u00a0<\/span><\/h4>\n<p><span data-contrast=\"auto\">No site da TETRAEDRO utilizamos os <\/span><i><span data-contrast=\"auto\">Cookies<\/span><\/i><span data-contrast=\"auto\"> estritamente necess\u00e1rios, <\/span><i><span data-contrast=\"auto\">Cookies<\/span><\/i><span data-contrast=\"auto\"> de funcionalidade, <\/span><i><span data-contrast=\"auto\">Cookies<\/span><\/i><span data-contrast=\"auto\"> de terceiros e <\/span><i><span data-contrast=\"auto\">Cookies<\/span><\/i><span data-contrast=\"auto\"> anal\u00edticos, nomeadamente da Google (https:\/\/policies.google.com\/technologies\/cookies?hl=en-US).<\/span><span data-ccp-props=\"{&quot;201341983&quot;:0,&quot;335551550&quot;:6,&quot;335551620&quot;:6,&quot;335559739&quot;:150,&quot;335559740&quot;:276}\">\u00a0<\/span><\/p>\n<p><span data-contrast=\"auto\">\u202f<\/span><span data-ccp-props=\"{&quot;201341983&quot;:0,&quot;335551550&quot;:6,&quot;335551620&quot;:6,&quot;335559739&quot;:150,&quot;335559740&quot;:276}\">\u00a0<\/span><span data-ccp-props=\"{&quot;201341983&quot;:0,&quot;335551550&quot;:6,&quot;335551620&quot;:6,&quot;335559739&quot;:150,&quot;335559740&quot;:276}\">\u00a0<\/span><\/p>\n<h4><b><span data-contrast=\"auto\">Como pode gerir os <\/span><\/b><b><i><span data-contrast=\"auto\">cookies<\/span><\/i><\/b><b><span data-contrast=\"auto\">?<\/span><\/b><span data-ccp-props=\"{&quot;201341983&quot;:0,&quot;335551550&quot;:6,&quot;335551620&quot;:6,&quot;335559738&quot;:240,&quot;335559739&quot;:0,&quot;335559740&quot;:276}\">\u00a0<\/span><\/h4>\n<p><span data-contrast=\"auto\">Todos os <\/span><i><span data-contrast=\"auto\">browsers<\/span><\/i><span data-contrast=\"auto\"> permitem ao utilizador aceitar, recusar ou apagar <\/span><i><span data-contrast=\"auto\">cookies<\/span><\/i><span data-contrast=\"auto\">, e ainda informar o utilizador sempre que um <\/span><i><span data-contrast=\"auto\">cookie<\/span><\/i><span data-contrast=\"auto\"> \u00e9 recebido, nomeadamente atrav\u00e9s da sele\u00e7\u00e3o das defini\u00e7\u00f5es apropriadas no respetivo navegador. O utilizador pode configurar os <\/span><i><span data-contrast=\"auto\">cookies<\/span><\/i><span data-contrast=\"auto\"> no menu &#8220;op\u00e7\u00f5es&#8221; ou &#8220;prefer\u00eancias&#8221; do seu <\/span><i><span data-contrast=\"auto\">browser<\/span><\/i><span data-contrast=\"auto\">.<\/span><span data-ccp-props=\"{&quot;201341983&quot;:0,&quot;335551550&quot;:6,&quot;335551620&quot;:6,&quot;335559739&quot;:0,&quot;335559740&quot;:276}\">\u00a0<\/span><\/p>\n<p><span data-contrast=\"auto\">Poder\u00e1 aceitar a utiliza\u00e7\u00e3o de <\/span><i><span data-contrast=\"auto\">cookies<\/span><\/i><span data-contrast=\"auto\">, atrav\u00e9s do bot\u00e3o\u202f Aceitar <\/span><i><span data-contrast=\"auto\">cookies<\/span><\/i><span data-contrast=\"auto\">\u202f presente na frase informativa que consta no nosso site. Note-se, no entanto, que, ao desativar <\/span><i><span data-contrast=\"auto\">cookies<\/span><\/i><span data-contrast=\"auto\">, pode impedir que alguns servi\u00e7os da web funcionem corretamente, afetando, parcial ou totalmente, a navega\u00e7\u00e3o no website.<\/span><\/p>\n\t\t\t\t\t\t\t\t<\/div>\n\t\t\t\t\t<\/div>\n\t\t\t\t<\/div>\n\t\t\t\t<\/div>","protected":false},"excerpt":{"rendered":"<p>Pol\u00edtica de Cookies O que s\u00e3o Cookies?&nbsp; Cookies s\u00e3o pequenas etiquetas de software que s\u00e3o armazenadas nos equipamentos de acesso [&hellip;]<\/p>\n","protected":false},"author":1,"featured_media":0,"parent":0,"menu_order":0,"comment_status":"closed","ping_status":"closed","template":"","meta":{"site-sidebar-layout":"default","site-content-layout":"","ast-site-content-layout":"default","site-content-style":"default","site-sidebar-style":"default","ast-global-header-display":"","ast-banner-title-visibility":"","ast-main-header-display":"","ast-hfb-above-header-display":"","ast-hfb-below-header-display":"","ast-hfb-mobile-header-display":"","site-post-title":"","ast-breadcrumbs-content":"","ast-featured-img":"","footer-sml-layout":"","ast-disable-related-posts":"","theme-transparent-header-meta":"","adv-header-id-meta":"","stick-header-meta":"","header-above-stick-meta":"","header-main-stick-meta":"","header-below-stick-meta":"","astra-migrate-meta-layouts":"default","ast-page-background-enabled":"default","ast-page-background-meta":{"desktop":{"background-color":"var(--ast-global-color-4)","background-image":"","background-repeat":"repeat","background-position":"center center","background-size":"auto","background-attachment":"scroll","background-type":"","background-media":"","overlay-type":"","overlay-color":"","overlay-opacity":"","overlay-gradient":""},"tablet":{"background-color":"","background-image":"","background-repeat":"repeat","background-position":"center center","background-size":"auto","background-attachment":"scroll","background-type":"","background-media":"","overlay-type":"","overlay-color":"","overlay-opacity":"","overlay-gradient":""},"mobile":{"background-color":"","background-image":"","background-repeat":"repeat","background-position":"center center","background-size":"auto","background-attachment":"scroll","background-type":"","background-media":"","overlay-type":"","overlay-color":"","overlay-opacity":"","overlay-gradient":""}},"ast-content-background-meta":{"desktop":{"background-color":"var(--ast-global-color-5)","background-image":"","background-repeat":"repeat","background-position":"center center","background-size":"auto","background-attachment":"scroll","background-type":"","background-media":"","overlay-type":"","overlay-color":"","overlay-opacity":"","overlay-gradient":""},"tablet":{"background-color":"var(--ast-global-color-5)","background-image":"","background-repeat":"repeat","background-position":"center center","background-size":"auto","background-attachment":"scroll","background-type":"","background-media":"","overlay-type":"","overlay-color":"","overlay-opacity":"","overlay-gradient":""},"mobile":{"background-color":"var(--ast-global-color-5)","background-image":"","background-repeat":"repeat","background-position":"center center","background-size":"auto","background-attachment":"scroll","background-type":"","background-media":"","overlay-type":"","overlay-color":"","overlay-opacity":"","overlay-gradient":""}},"footnotes":""},"class_list":["post-580","page","type-page","status-publish","hentry"],"_links":{"self":[{"href":"https:\/\/www.tetraedro.pt\/en\/wp-json\/wp\/v2\/pages\/580","targetHints":{"allow":["GET"]}}],"collection":[{"href":"https:\/\/www.tetraedro.pt\/en\/wp-json\/wp\/v2\/pages"}],"about":[{"href":"https:\/\/www.tetraedro.pt\/en\/wp-json\/wp\/v2\/types\/page"}],"author":[{"embeddable":true,"href":"https:\/\/www.tetraedro.pt\/en\/wp-json\/wp\/v2\/users\/1"}],"replies":[{"embeddable":true,"href":"https:\/\/www.tetraedro.pt\/en\/wp-json\/wp\/v2\/comments?post=580"}],"version-history":[{"count":12,"href":"https:\/\/www.tetraedro.pt\/en\/wp-json\/wp\/v2\/pages\/580\/revisions"}],"predecessor-version":[{"id":850,"href":"https:\/\/www.tetraedro.pt\/en\/wp-json\/wp\/v2\/pages\/580\/revisions\/850"}],"wp:attachment":[{"href":"https:\/\/www.tetraedro.pt\/en\/wp-json\/wp\/v2\/media?parent=580"}],"curies":[{"name":"wp","href":"https:\/\/api.w.org\/{rel}","templated":true}]}}