{"id":582,"date":"2026-01-23T11:36:06","date_gmt":"2026-01-23T11:36:06","guid":{"rendered":"https:\/\/www.tetraedro.pt\/?page_id=582"},"modified":"2026-01-31T20:00:51","modified_gmt":"2026-01-31T20:00:51","slug":"politica-de-privacidade","status":"publish","type":"page","link":"https:\/\/www.tetraedro.pt\/en\/politica-de-privacidade\/","title":{"rendered":"Pol\u00edtica de Privacidade"},"content":{"rendered":"<div data-elementor-type=\"wp-page\" data-elementor-id=\"582\" class=\"elementor elementor-582\">\n\t\t\t\t<div class=\"elementor-element elementor-element-b6b473b e-flex e-con-boxed e-con e-parent\" data-id=\"b6b473b\" data-element_type=\"container\" data-e-type=\"container\" data-settings=\"{&quot;background_background&quot;:&quot;classic&quot;}\">\n\t\t\t\t\t<div class=\"e-con-inner\">\n\t\t\t\t<div class=\"elementor-element elementor-element-75fd64c elementor-widget elementor-widget-heading\" data-id=\"75fd64c\" data-element_type=\"widget\" data-e-type=\"widget\" data-widget_type=\"heading.default\">\n\t\t\t\t\t<h2 class=\"elementor-heading-title elementor-size-default\">Pol\u00edtica de Privacidade<\/h2>\t\t\t\t<\/div>\n\t\t\t\t\t<\/div>\n\t\t\t\t<\/div>\n\t\t<div class=\"elementor-element elementor-element-524beca1 e-flex e-con-boxed e-con e-parent\" data-id=\"524beca1\" data-element_type=\"container\" data-e-type=\"container\">\n\t\t\t\t\t<div class=\"e-con-inner\">\n\t\t\t\t<div class=\"elementor-element elementor-element-4f871e9b elementor-widget elementor-widget-text-editor\" data-id=\"4f871e9b\" data-element_type=\"widget\" data-e-type=\"widget\" data-widget_type=\"text-editor.default\">\n\t\t\t\t\t\t\t\t\t<h4 aria-level=\"1\"><span data-contrast=\"none\">Quem somos<\/span><span data-ccp-props=\"{&quot;134245418&quot;:true,&quot;134245529&quot;:true,&quot;335559738&quot;:240,&quot;335559739&quot;:0}\">\u00a0<\/span><\/h4>\n<p><span data-contrast=\"none\">A TETRAEDRO \u00e9 uma empresa especialista em TI\u2019s, posicionando-se como um Parceiro de Neg\u00f3cio nesta \u00e1rea, aliando as melhores tecnologias e solu\u00e7\u00f5es do mercado \u00e0s necessidades de neg\u00f3cio e produtividade dos seus clientes.<\/span><span data-ccp-props=\"{}\">\u00a0<\/span><\/p>\n<p><span data-contrast=\"none\">A TETRAEDRO disponibiliza \u00e0s PME uma oferta de solu\u00e7\u00f5es de hosting, solu\u00e7\u00f5es de e-mailing, solu\u00e7\u00f5es de alta- disponibilidade e seguran\u00e7a eficientes e acess\u00edveis, usando as mais recentes tecnologias disponibilizadas pelos fabricantes l\u00edderes de mercado, e indo ao encontro das necessidades crescentes das PMEs em mat\u00e9ria de seguran\u00e7a de informa\u00e7\u00e3o, produtividade, efici\u00eancia e continuidade das suas opera\u00e7\u00f5es em quaisquer circunst\u00e2ncias.<\/span><span data-ccp-props=\"{}\">\u00a0<\/span><\/p>\n<p aria-level=\"1\"><span data-ccp-props=\"{&quot;134245418&quot;:true,&quot;134245529&quot;:true,&quot;335559738&quot;:240,&quot;335559739&quot;:0}\">\u00a0<\/span><\/p>\n<h4 aria-level=\"1\"><span data-contrast=\"none\">O que \u00e9 a Pol\u00edtica de Prote\u00e7\u00e3o de Dados pessoais?\u00a0<\/span><span data-ccp-props=\"{&quot;134245418&quot;:true,&quot;134245529&quot;:true,&quot;335559738&quot;:240,&quot;335559739&quot;:0}\">\u00a0<\/span><\/h4>\n<p><span data-contrast=\"none\">\u00c9 a Pol\u00edtica que estabelece os termos e condi\u00e7\u00f5es ao abrigo dos quais a TETRAEDRO recolhe e trata os dados pessoais dos seus clientes no cumprimento do Regulamento Geral de Prote\u00e7\u00e3o de Dados (RGPD) e demais legisla\u00e7\u00e3o aplic\u00e1vel em mat\u00e9ria de prote\u00e7\u00e3o de dados, nomeadamente o Regulamento (UE) 2016\/679 do Parlamento Europeu e do Conselho, de 27 de abril de 2016 (&#8220;RGPD&#8221;).<\/span><span data-ccp-props=\"{&quot;201341983&quot;:0,&quot;335559739&quot;:0,&quot;335559740&quot;:240}\">\u00a0<\/span><\/p>\n<p><span data-contrast=\"none\">A TETRAEDRO respeita as melhores pr\u00e1ticas no dom\u00ednio da seguran\u00e7a e da prote\u00e7\u00e3o dos dados pessoais, tendo para o efeito tomado as medidas t\u00e9cnicas e organizativas necess\u00e1rias por forma a cumprir o RGPD e a garantir que o tratamento dos dados pessoais \u00e9 l\u00edcito, leal, transparente e limitado \u00e0s finalidades autorizadas.<\/span><span data-ccp-props=\"{&quot;201341983&quot;:0,&quot;335551550&quot;:6,&quot;335551620&quot;:6,&quot;335559739&quot;:150,&quot;335559740&quot;:240}\">\u00a0<\/span><\/p>\n<p><span data-contrast=\"none\">As regras previstas nesta Pol\u00edtica de Prote\u00e7\u00e3o de Dados complementam as disposi\u00e7\u00f5es em mat\u00e9ria de prote\u00e7\u00e3o e tratamento de dados pessoais previstas nos contratos que os nossos Clientes celebram com a TETRAEDRO.<\/span><span data-ccp-props=\"{&quot;201341983&quot;:0,&quot;335559739&quot;:0,&quot;335559740&quot;:240}\">\u00a0<\/span><\/p>\n<p aria-level=\"1\"><span data-ccp-props=\"{&quot;134245418&quot;:true,&quot;134245529&quot;:true,&quot;335559738&quot;:240,&quot;335559739&quot;:0}\">\u00a0<\/span><\/p>\n<h4 aria-level=\"1\"><span data-contrast=\"none\">Qual o \u00e2mbito da Pol\u00edtica de Prote\u00e7\u00e3o de Dados pessoais?\u00a0<\/span><span data-ccp-props=\"{&quot;134245418&quot;:true,&quot;134245529&quot;:true,&quot;335559738&quot;:240,&quot;335559739&quot;:0}\">\u00a0<\/span><\/h4>\n<p><span data-contrast=\"none\">A presente Pol\u00edtica de Prote\u00e7\u00e3o de Dados aplica-se exclusivamente \u00e0 recolha e tratamento de dados pessoais relativamente aos quais a TETRAEDRO seja respons\u00e1vel pelo respetivo tratamento, no \u00e2mbito dos servi\u00e7os e produtos disponibilizados aos seus Clientes.<\/span><span data-ccp-props=\"{&quot;201341983&quot;:0,&quot;335559739&quot;:0,&quot;335559740&quot;:240}\">\u00a0<\/span><\/p>\n<p><span data-ccp-props=\"{&quot;201341983&quot;:0,&quot;335559738&quot;:240,&quot;335559739&quot;:0,&quot;335559740&quot;:240}\">\u00a0<\/span><\/p>\n<h4><span data-contrast=\"none\">O que s\u00e3o dados pessoais?\u00a0<\/span><span data-ccp-props=\"{&quot;201341983&quot;:0,&quot;335559738&quot;:240,&quot;335559739&quot;:0,&quot;335559740&quot;:240}\">\u00a0<\/span><\/h4>\n<p><span data-contrast=\"none\">Dados pessoais s\u00e3o qualquer informa\u00e7\u00e3o, de qualquer natureza e independentemente do respetivo suporte, incluindo som e imagem, relativa a uma pessoa singular identificada ou identific\u00e1vel.<\/span><span data-ccp-props=\"{&quot;201341983&quot;:0,&quot;335559739&quot;:0,&quot;335559740&quot;:240}\">\u00a0<\/span><\/p>\n<p><span data-contrast=\"none\">\u00c9 considerada \u201cidentific\u00e1vel\u201d a pessoa singular que possa ser identificada, direta ou indiretamente, designadamente por refer\u00eancia a um nome, n\u00famero de identifica\u00e7\u00e3o, dados de localiza\u00e7\u00e3o, identificadores por via eletr\u00f3nica ou a um ou mais elementos espec\u00edficos da sua identidade f\u00edsica, fisiol\u00f3gica, gen\u00e9tica, mental, econ\u00f3mica, cultural ou social.<\/span><span data-ccp-props=\"{&quot;201341983&quot;:0,&quot;335559739&quot;:0,&quot;335559740&quot;:240}\">\u00a0<\/span><\/p>\n<p><span data-contrast=\"none\">O tratamento de dados pessoais consiste numa opera\u00e7\u00e3o ou conjunto de opera\u00e7\u00f5es efetuadas sobre dados pessoais ou conjuntos de dados pessoais, atrav\u00e9s de meios automatizados, ou n\u00e3o automatizados, nomeadamente a recolha, o registo, a organiza\u00e7\u00e3o, a estrutura\u00e7\u00e3o, a conserva\u00e7\u00e3o, a adapta\u00e7\u00e3o ou altera\u00e7\u00e3o, a recupera\u00e7\u00e3o, a consulta, a utiliza\u00e7\u00e3o, a divulga\u00e7\u00e3o por transmiss\u00e3o, difus\u00e3o ou qualquer outra forma de disponibiliza\u00e7\u00e3o, a compara\u00e7\u00e3o, a interconex\u00e3o, a limita\u00e7\u00e3o, o apagamento ou a destrui\u00e7\u00e3o.<\/span><span data-ccp-props=\"{&quot;201341983&quot;:0,&quot;335559739&quot;:0,&quot;335559740&quot;:240}\">\u00a0<\/span><\/p>\n<p aria-level=\"4\">\u00a0<\/p>\n<h4 aria-level=\"4\"><span data-contrast=\"none\">Quem \u00e9 o Respons\u00e1vel pelo Tratamento de Dados?<\/span><span data-ccp-props=\"{&quot;134245418&quot;:true,&quot;134245529&quot;:true,&quot;335559738&quot;:240,&quot;335559739&quot;:0}\">\u00a0<\/span><\/h4>\n<p><span data-contrast=\"none\">A TETRAEDRO \u00e9 a pessoa coletiva respons\u00e1vel pelo tratamento dos dados pessoais que recolhe, processa e armazena de forma automatizada e n\u00e3o automatizada.<\/span><span data-ccp-props=\"{&quot;201341983&quot;:0,&quot;335559739&quot;:0,&quot;335559740&quot;:240}\">\u00a0<\/span><\/p>\n<p><span data-ccp-props=\"{&quot;201341983&quot;:0,&quot;335551550&quot;:6,&quot;335551620&quot;:6,&quot;335559738&quot;:240,&quot;335559739&quot;:0,&quot;335559740&quot;:240}\">\u00a0<\/span><\/p>\n<h4><span data-contrast=\"none\">Quais s\u00e3o os tipos de dados pessoais que recolhemos e tratamos?<\/span><span data-ccp-props=\"{&quot;201341983&quot;:0,&quot;335551550&quot;:6,&quot;335551620&quot;:6,&quot;335559738&quot;:240,&quot;335559739&quot;:0,&quot;335559740&quot;:240}\">\u00a0<\/span><\/h4>\n<p><span data-contrast=\"none\">A TETRAEDRO, no \u00e2mbito das atividades que desenvolve, procede \u00e0 recolha de dados pessoais necess\u00e1rios \u00e0 elabora\u00e7\u00e3o dos contratos referentes \u00e0 presta\u00e7\u00e3o de servi\u00e7os contratados pelos seus clientes e exclusivamente nesse \u00e2mbito. Recolhemos dados como o nome, o n\u00famero de contribuinte, a morada, o n\u00famero de telefone e o endere\u00e7o de correio eletr\u00f3nico.<\/span><span data-ccp-props=\"{&quot;201341983&quot;:0,&quot;335559739&quot;:0,&quot;335559740&quot;:240}\">\u00a0<\/span><\/p>\n<p><span data-ccp-props=\"{&quot;201341983&quot;:0,&quot;335551550&quot;:6,&quot;335551620&quot;:6,&quot;335559738&quot;:240,&quot;335559739&quot;:0,&quot;335559740&quot;:240}\">\u00a0<\/span><\/p>\n<h4><span data-contrast=\"none\">Quando e como recolhemos os seus dados pessoais?<\/span><span data-ccp-props=\"{&quot;201341983&quot;:0,&quot;335551550&quot;:6,&quot;335551620&quot;:6,&quot;335559738&quot;:240,&quot;335559739&quot;:0,&quot;335559740&quot;:240}\">\u00a0<\/span><\/h4>\n<p><span data-contrast=\"none\">A TETRAEDRO recolhe os seus dados pessoais, atrav\u00e9s do seu departamento comercial, garantindo, sempre que necess\u00e1rio, o pr\u00e9vio consentimento do titular dos dados pessoais.<\/span><span data-ccp-props=\"{&quot;201341983&quot;:0,&quot;335559739&quot;:0,&quot;335559740&quot;:240}\">\u00a0<\/span><\/p>\n<p><span data-contrast=\"none\">Os dados pessoais recolhidos podem ser tratados informaticamente e de forma automatizada ou n\u00e3o automatizada, garantindo em todos os casos o estrito cumprimento da legisla\u00e7\u00e3o de prote\u00e7\u00e3o de dados pessoais e, em situa\u00e7\u00e3o alguma, os dados recolhidos ser\u00e3o utilizados para outra finalidade que n\u00e3o seja aquela para a qual foram recolhidos ou dado o consentimento por parte do titular dos dados.<\/span><span data-ccp-props=\"{&quot;201341983&quot;:0,&quot;335559739&quot;:0,&quot;335559740&quot;:240}\">\u00a0<\/span><\/p>\n<p><span data-ccp-props=\"{&quot;201341983&quot;:0,&quot;335551550&quot;:6,&quot;335551620&quot;:6,&quot;335559738&quot;:240,&quot;335559739&quot;:0,&quot;335559740&quot;:240}\">\u00a0<\/span><\/p>\n<h4><span data-contrast=\"none\">Por quanto tempo conservamos os seus dados pessoais?\u00a0<\/span><span data-ccp-props=\"{&quot;201341983&quot;:0,&quot;335551550&quot;:6,&quot;335551620&quot;:6,&quot;335559738&quot;:240,&quot;335559739&quot;:0,&quot;335559740&quot;:240}\">\u00a0<\/span><\/h4>\n<p><span data-contrast=\"none\">O per\u00edodo de tempo durante o qual os dados pessoais s\u00e3o armazenados e conservados varia de acordo com a finalidade para a qual a informa\u00e7\u00e3o \u00e9 tratada.<\/span><span data-ccp-props=\"{&quot;201341983&quot;:0,&quot;335559739&quot;:0,&quot;335559740&quot;:240}\">\u00a0<\/span><\/p>\n<p><span data-contrast=\"none\">Efetivamente, existem requisitos legais que obrigam a conservar os dados por um per\u00edodo de tempo m\u00ednimo. Assim, e sempre que n\u00e3o exista uma exig\u00eancia legal espec\u00edfica, os dados ser\u00e3o armazenados e conservados apenas pelo per\u00edodo m\u00ednimo necess\u00e1rio para a prossecu\u00e7\u00e3o das finalidades que motivaram a sua recolha ou o seu posterior tratamento, nos termos definidos na lei.<\/span><span data-ccp-props=\"{&quot;201341983&quot;:0,&quot;335559739&quot;:0,&quot;335559740&quot;:240}\">\u00a0<\/span><\/p>\n<p><span data-ccp-props=\"{&quot;201341983&quot;:0,&quot;335559738&quot;:240,&quot;335559739&quot;:0,&quot;335559740&quot;:240}\">\u00a0<\/span><\/p>\n<h4><span data-contrast=\"none\">Quais os direitos dos titulares de dados pessoais?\u00a0<\/span><span data-ccp-props=\"{&quot;201341983&quot;:0,&quot;335559738&quot;:240,&quot;335559739&quot;:0,&quot;335559740&quot;:240}\">\u00a0<\/span><\/h4>\n<p><span data-contrast=\"none\">Enquanto titulares dos dados pessoais, \u00e9 garantido aos Clientes, a qualquer momento, o direito de acesso, retifica\u00e7\u00e3o, apagamento, limita\u00e7\u00e3o, portabilidade e oposi\u00e7\u00e3o nos termos e limites definidos na lei e retirada do consentimento, sem que tal comprometa a licitude do tratamento efetuado ao abrigo desse consentimento.<\/span><span data-ccp-props=\"{&quot;201341983&quot;:0,&quot;335559739&quot;:0,&quot;335559740&quot;:240}\">\u00a0<\/span><\/p>\n<p><span data-ccp-props=\"{&quot;201341983&quot;:0,&quot;335559738&quot;:240,&quot;335559739&quot;:0,&quot;335559740&quot;:240}\">\u00a0<\/span><\/p>\n<h4><span data-contrast=\"none\">Como podem os titulares dos dados pessoais exercer os seus direitos?\u00a0<\/span><span data-ccp-props=\"{&quot;201341983&quot;:0,&quot;335559738&quot;:240,&quot;335559739&quot;:0,&quot;335559740&quot;:240}\">\u00a0<\/span><\/h4>\n<p><span data-contrast=\"none\">Os titulares dos dados pessoais poder\u00e3o exercer os direitos acima descritos, mediante pedido formal, atrav\u00e9s de solicita\u00e7\u00e3o escrita por e-mail, identificando no assunto do e-mail: &#8220;Prote\u00e7\u00e3o de Dados\u201d,\u202fpara o seguinte endere\u00e7o de email -\u202f<\/span><a href=\"mailto:privacidade@tetraedro.pt\"><span data-contrast=\"none\">privacidade@tetraedro.pt<\/span><\/a><span data-ccp-props=\"{&quot;201341983&quot;:0,&quot;335559739&quot;:0,&quot;335559740&quot;:240}\">\u00a0<\/span><\/p>\n<p><span data-contrast=\"none\">Quaisquer outras vias, remetentes e\/ou aus\u00eancia da correta identifica\u00e7\u00e3o conforme acima referido, n\u00e3o ser\u00e1 considerada a obrigatoriedade de resposta por parte da TETRAEDRO ao abrigo do RGPD.\u00a0<\/span><span data-ccp-props=\"{&quot;201341983&quot;:0,&quot;335559739&quot;:0,&quot;335559740&quot;:240}\">\u00a0<\/span><\/p>\n<p><span data-contrast=\"none\">Por \u00faltimo, e sem preju\u00edzo de poder apresentar reclama\u00e7\u00f5es diretamente \u00e0 TETRAEDRO atrav\u00e9s dos contactos disponibilizados para o efeito, o titular dos dados pessoais poder\u00e1 reclamar diretamente para a Autoridade de Controlo competente &#8211; Comiss\u00e3o Nacional de Prote\u00e7\u00e3o de Dados (CNPD), utilizando os contactos disponibilizados por esta entidade para o efeito.<\/span><span data-ccp-props=\"{&quot;201341983&quot;:0,&quot;335559739&quot;:0,&quot;335559740&quot;:240}\">\u00a0<\/span><\/p>\n<p><span data-ccp-props=\"{&quot;201341983&quot;:0,&quot;335559738&quot;:240,&quot;335559739&quot;:0,&quot;335559740&quot;:240}\">\u00a0<\/span><\/p>\n<h4><span data-contrast=\"none\">Os dados pessoais recolhidos e tratados pela TETRAEDRO est\u00e3o seguros?\u00a0<\/span><span data-ccp-props=\"{&quot;201341983&quot;:0,&quot;335559738&quot;:240,&quot;335559739&quot;:0,&quot;335559740&quot;:240}\">\u00a0<\/span><\/h4>\n<p><span data-ccp-props=\"{&quot;201341983&quot;:0,&quot;335559739&quot;:0,&quot;335559740&quot;:240}\">\u00a0<\/span><span data-contrast=\"none\">A TETRAEDRO assume o compromisso de garantir a prote\u00e7\u00e3o da seguran\u00e7a dos dados pessoais que lhe s\u00e3o disponibilizados, tendo aprovado e implementado rigorosas regras nesta mat\u00e9ria. O cumprimento destas regras constitui uma obriga\u00e7\u00e3o de todos aqueles que legalmente aos mesmos acedem.<\/span><span data-ccp-props=\"{&quot;201341983&quot;:0,&quot;335551550&quot;:6,&quot;335551620&quot;:6,&quot;335559739&quot;:150,&quot;335559740&quot;:240}\">\u00a0<\/span><\/p>\n<p><span data-contrast=\"none\">Tendo presente a preocupa\u00e7\u00e3o e o empenho da TETRAEDRO na defesa dos dados pessoais, foram adotadas v\u00e1rias medidas de seguran\u00e7a, de car\u00e1ter t\u00e9cnico e organizativo, de forma a proteger os dados pessoais que lhe s\u00e3o disponibilizados pelos seus Clientes, contra a perda, difus\u00e3o, altera\u00e7\u00e3o, tratamento ou acessos indevidos ou n\u00e3o autorizados.<\/span><span data-ccp-props=\"{&quot;201341983&quot;:0,&quot;335559739&quot;:0,&quot;335559740&quot;:240}\">\u00a0<\/span><\/p>\n<p><span data-contrast=\"none\">Adicionalmente, as entidades terceiras que, no \u00e2mbito de presta\u00e7\u00f5es de servi\u00e7os, procedam ao tratamento de dados pessoais do Cliente em nome e por conta da TETRAEDRO, est\u00e3o obrigadas, por escrito, a executar medidas t\u00e9cnicas e de seguran\u00e7a adequadas que, em cada momento, satisfa\u00e7am os requisitos previstos na legisla\u00e7\u00e3o em vigor e assegurem a defesa dos direitos do titular dos dados.<\/span><span data-ccp-props=\"{&quot;201341983&quot;:0,&quot;335551550&quot;:6,&quot;335551620&quot;:6,&quot;335559739&quot;:150,&quot;335559740&quot;:240}\">\u00a0<\/span><\/p>\n<p><span data-ccp-props=\"{&quot;201341983&quot;:0,&quot;335557856&quot;:16777215,&quot;335559738&quot;:240,&quot;335559739&quot;:0,&quot;335559740&quot;:276}\">\u00a0<\/span><\/p>\n<h4><span data-contrast=\"none\">Altera\u00e7\u00f5es \u00e0 Pol\u00edtica de Privacidade<\/span><span data-ccp-props=\"{&quot;201341983&quot;:0,&quot;335557856&quot;:16777215,&quot;335559738&quot;:240,&quot;335559739&quot;:0,&quot;335559740&quot;:276}\">\u00a0<\/span><\/h4>\n<p><span data-contrast=\"none\">A TETRAEDRO reserva-se o direito de a qualquer altura, proceder a reajustamentos ou altera\u00e7\u00f5es \u00e0 presente Pol\u00edtica de Privacidade, sendo essas altera\u00e7\u00f5es devidamente publicitadas neste site.<\/span><span data-ccp-props=\"{&quot;201341983&quot;:0,&quot;335557856&quot;:16777215,&quot;335559738&quot;:150,&quot;335559739&quot;:150,&quot;335559740&quot;:276}\">\u00a0<\/span><\/p>\t\t\t\t\t\t\t\t<\/div>\n\t\t\t\t\t<\/div>\n\t\t\t\t<\/div>\n\t\t\t\t<\/div>","protected":false},"excerpt":{"rendered":"<p>Pol\u00edtica de Privacidade Quem somos\u00a0 A TETRAEDRO \u00e9 uma empresa especialista em TI\u2019s, posicionando-se como um Parceiro de Neg\u00f3cio nesta [&hellip;]<\/p>\n","protected":false},"author":1,"featured_media":0,"parent":0,"menu_order":0,"comment_status":"closed","ping_status":"closed","template":"","meta":{"site-sidebar-layout":"default","site-content-layout":"","ast-site-content-layout":"default","site-content-style":"default","site-sidebar-style":"default","ast-global-header-display":"","ast-banner-title-visibility":"","ast-main-header-display":"","ast-hfb-above-header-display":"","ast-hfb-below-header-display":"","ast-hfb-mobile-header-display":"","site-post-title":"","ast-breadcrumbs-content":"","ast-featured-img":"","footer-sml-layout":"","ast-disable-related-posts":"","theme-transparent-header-meta":"","adv-header-id-meta":"","stick-header-meta":"","header-above-stick-meta":"","header-main-stick-meta":"","header-below-stick-meta":"","astra-migrate-meta-layouts":"default","ast-page-background-enabled":"default","ast-page-background-meta":{"desktop":{"background-color":"var(--ast-global-color-4)","background-image":"","background-repeat":"repeat","background-position":"center center","background-size":"auto","background-attachment":"scroll","background-type":"","background-media":"","overlay-type":"","overlay-color":"","overlay-opacity":"","overlay-gradient":""},"tablet":{"background-color":"","background-image":"","background-repeat":"repeat","background-position":"center center","background-size":"auto","background-attachment":"scroll","background-type":"","background-media":"","overlay-type":"","overlay-color":"","overlay-opacity":"","overlay-gradient":""},"mobile":{"background-color":"","background-image":"","background-repeat":"repeat","background-position":"center center","background-size":"auto","background-attachment":"scroll","background-type":"","background-media":"","overlay-type":"","overlay-color":"","overlay-opacity":"","overlay-gradient":""}},"ast-content-background-meta":{"desktop":{"background-color":"var(--ast-global-color-5)","background-image":"","background-repeat":"repeat","background-position":"center center","background-size":"auto","background-attachment":"scroll","background-type":"","background-media":"","overlay-type":"","overlay-color":"","overlay-opacity":"","overlay-gradient":""},"tablet":{"background-color":"var(--ast-global-color-5)","background-image":"","background-repeat":"repeat","background-position":"center center","background-size":"auto","background-attachment":"scroll","background-type":"","background-media":"","overlay-type":"","overlay-color":"","overlay-opacity":"","overlay-gradient":""},"mobile":{"background-color":"var(--ast-global-color-5)","background-image":"","background-repeat":"repeat","background-position":"center center","background-size":"auto","background-attachment":"scroll","background-type":"","background-media":"","overlay-type":"","overlay-color":"","overlay-opacity":"","overlay-gradient":""}},"footnotes":""},"class_list":["post-582","page","type-page","status-publish","hentry"],"_links":{"self":[{"href":"https:\/\/www.tetraedro.pt\/en\/wp-json\/wp\/v2\/pages\/582","targetHints":{"allow":["GET"]}}],"collection":[{"href":"https:\/\/www.tetraedro.pt\/en\/wp-json\/wp\/v2\/pages"}],"about":[{"href":"https:\/\/www.tetraedro.pt\/en\/wp-json\/wp\/v2\/types\/page"}],"author":[{"embeddable":true,"href":"https:\/\/www.tetraedro.pt\/en\/wp-json\/wp\/v2\/users\/1"}],"replies":[{"embeddable":true,"href":"https:\/\/www.tetraedro.pt\/en\/wp-json\/wp\/v2\/comments?post=582"}],"version-history":[{"count":7,"href":"https:\/\/www.tetraedro.pt\/en\/wp-json\/wp\/v2\/pages\/582\/revisions"}],"predecessor-version":[{"id":602,"href":"https:\/\/www.tetraedro.pt\/en\/wp-json\/wp\/v2\/pages\/582\/revisions\/602"}],"wp:attachment":[{"href":"https:\/\/www.tetraedro.pt\/en\/wp-json\/wp\/v2\/media?parent=582"}],"curies":[{"name":"wp","href":"https:\/\/api.w.org\/{rel}","templated":true}]}}