{"id":644,"date":"2026-03-29T20:15:27","date_gmt":"2026-03-29T20:15:27","guid":{"rendered":"https:\/\/www.tetraedro.pt\/?page_id=644"},"modified":"2026-04-27T16:47:22","modified_gmt":"2026-04-27T16:47:22","slug":"private-cloud","status":"publish","type":"page","link":"https:\/\/www.tetraedro.pt\/en\/private-cloud\/","title":{"rendered":"Private Cloud"},"content":{"rendered":"<div data-elementor-type=\"wp-page\" data-elementor-id=\"644\" class=\"elementor elementor-644\">\n\t\t\t\t<div class=\"elementor-element elementor-element-a0792c2 e-flex e-con-boxed e-con e-parent\" data-id=\"a0792c2\" data-element_type=\"container\" data-e-type=\"container\" data-settings=\"{&quot;background_background&quot;:&quot;classic&quot;}\">\n\t\t\t\t\t<div class=\"e-con-inner\">\n\t\t\t\t\t<\/div>\n\t\t\t\t<\/div>\n\t\t<div class=\"elementor-element elementor-element-c6f9d10 e-flex e-con-boxed e-con e-parent\" data-id=\"c6f9d10\" data-element_type=\"container\" data-e-type=\"container\">\n\t\t\t\t\t<div class=\"e-con-inner\">\n\t\t\t\t<div class=\"elementor-element elementor-element-e447003 elementor-widget elementor-widget-heading\" data-id=\"e447003\" data-element_type=\"widget\" data-e-type=\"widget\" data-widget_type=\"heading.default\">\n\t\t\t\t\t<h2 class=\"elementor-heading-title elementor-size-default\">Private Cloud<\/h2>\t\t\t\t<\/div>\n\t\t\t\t\t<\/div>\n\t\t\t\t<\/div>\n\t\t<div class=\"elementor-element elementor-element-5410d52 e-flex e-con-boxed e-con e-parent\" data-id=\"5410d52\" data-element_type=\"container\" data-e-type=\"container\">\n\t\t\t\t\t<div class=\"e-con-inner\">\n\t\t\t\t<div class=\"elementor-element elementor-element-0156f33 elementor-widget elementor-widget-image\" data-id=\"0156f33\" data-element_type=\"widget\" data-e-type=\"widget\" data-widget_type=\"image.default\">\n\t\t\t\t\t\t\t\t\t\t\t\t\t\t\t<img fetchpriority=\"high\" decoding=\"async\" width=\"768\" height=\"378\" src=\"https:\/\/www.tetraedro.pt\/wp-content\/uploads\/2025\/12\/ISO-IEC_27001IQNET_COR-768x378.jpg\" class=\"attachment-medium_large size-medium_large wp-image-239\" alt=\"\" srcset=\"https:\/\/www.tetraedro.pt\/wp-content\/uploads\/2025\/12\/ISO-IEC_27001IQNET_COR-768x378.jpg 768w, https:\/\/www.tetraedro.pt\/wp-content\/uploads\/2025\/12\/ISO-IEC_27001IQNET_COR-300x148.jpg 300w, https:\/\/www.tetraedro.pt\/wp-content\/uploads\/2025\/12\/ISO-IEC_27001IQNET_COR-1024x504.jpg 1024w, https:\/\/www.tetraedro.pt\/wp-content\/uploads\/2025\/12\/ISO-IEC_27001IQNET_COR-1536x756.jpg 1536w, https:\/\/www.tetraedro.pt\/wp-content\/uploads\/2025\/12\/ISO-IEC_27001IQNET_COR-2048x1008.jpg 2048w\" sizes=\"(max-width: 768px) 100vw, 768px\" \/>\t\t\t\t\t\t\t\t\t\t\t\t\t\t\t<\/div>\n\t\t\t\t<div class=\"elementor-element elementor-element-e6bb62b elementor-widget elementor-widget-button\" data-id=\"e6bb62b\" data-element_type=\"widget\" data-e-type=\"widget\" data-widget_type=\"button.default\">\n\t\t\t\t\t\t\t\t\t\t<a class=\"elementor-button elementor-button-link elementor-size-sm\" href=\"https:\/\/www.tetraedro.pt\/en\/certificacoes\/\">\n\t\t\t\t\t\t<span class=\"elementor-button-content-wrapper\">\n\t\t\t\t\t\t\t\t\t<span class=\"elementor-button-text\">Saber mais sobre Certifica\u00e7\u00e3o<\/span>\n\t\t\t\t\t<\/span>\n\t\t\t\t\t<\/a>\n\t\t\t\t\t\t\t\t<\/div>\n\t\t\t\t\t<\/div>\n\t\t\t\t<\/div>\n\t\t<div class=\"elementor-element elementor-element-f90cf91 e-flex e-con-boxed e-con e-parent\" data-id=\"f90cf91\" data-element_type=\"container\" data-e-type=\"container\">\n\t\t\t\t\t<div class=\"e-con-inner\">\n\t\t\t\t<div class=\"elementor-element elementor-element-ae7d004 elementor-widget elementor-widget-text-editor\" data-id=\"ae7d004\" data-element_type=\"widget\" data-e-type=\"widget\" data-widget_type=\"text-editor.default\">\n\t\t\t\t\t\t\t\t\t<h4 style=\"font-weight: 400;\"><strong>O seu neg\u00f3cio pode parar por causa de uma falha t\u00e9cnica?<\/strong><\/h4><h4 style=\"font-weight: 400;\"><strong>Private Cloud em Portugal com suporte humano e infraestrutura fi\u00e1vel.<\/strong><\/h4><p style=\"font-weight: 400;\">A\u00a0<strong>Private Cloud da Tetraedro<\/strong>\u00a0foi criada para empresas que valorizam\u00a0<strong>seguran\u00e7a, disponibilidade e controlo sobre os seus dados<\/strong>.<\/p><p><span style=\"font-weight: 400;\">Ao contr\u00e1rio das clouds p\u00fablicas massificadas, oferecemos uma infraestrutura pr\u00f3pria em territ\u00f3rio nacional, com\u00a0<strong>redund\u00e2ncia geogr\u00e1fica entre Lisboa e Viseu<\/strong>, proporcionando continuidade operacional mesmo em cen\u00e1rios cr\u00edticos.<\/span><\/p>\t\t\t\t\t\t\t\t<\/div>\n\t\t\t\t\t<\/div>\n\t\t\t\t<\/div>\n\t\t<div class=\"elementor-element elementor-element-07e2965 e-flex e-con-boxed e-con e-parent\" data-id=\"07e2965\" data-element_type=\"container\" data-e-type=\"container\">\n\t\t\t\t\t<div class=\"e-con-inner\">\n\t\t\t\t<div class=\"elementor-element elementor-element-7a59f59 elementor-icon-list--layout-traditional elementor-list-item-link-full_width elementor-widget elementor-widget-icon-list\" data-id=\"7a59f59\" data-element_type=\"widget\" data-e-type=\"widget\" data-widget_type=\"icon-list.default\">\n\t\t\t\t\t\t\t<ul class=\"elementor-icon-list-items\">\n\t\t\t\t\t\t\t<li class=\"elementor-icon-list-item\">\n\t\t\t\t\t\t\t\t\t\t\t<span class=\"elementor-icon-list-icon\">\n\t\t\t\t\t\t\t<svg aria-hidden=\"true\" class=\"e-font-icon-svg e-fas-check\" viewbox=\"0 0 512 512\" xmlns=\"http:\/\/www.w3.org\/2000\/svg\"><path d=\"M173.898 439.404l-166.4-166.4c-9.997-9.997-9.997-26.206 0-36.204l36.203-36.204c9.997-9.998 26.207-9.998 36.204 0L192 312.69 432.095 72.596c9.997-9.997 26.207-9.997 36.204 0l36.203 36.204c9.997 9.997 9.997 26.206 0 36.204l-294.4 294.401c-9.998 9.997-26.207 9.997-36.204-.001z\"><\/path><\/svg>\t\t\t\t\t\t<\/span>\n\t\t\t\t\t\t\t\t\t\t<span class=\"elementor-icon-list-text\">Infraestrutura pr\u00f3pria<\/span>\n\t\t\t\t\t\t\t\t\t<\/li>\n\t\t\t\t\t\t\t\t<li class=\"elementor-icon-list-item\">\n\t\t\t\t\t\t\t\t\t\t\t<span class=\"elementor-icon-list-icon\">\n\t\t\t\t\t\t\t<svg aria-hidden=\"true\" class=\"e-font-icon-svg e-fas-check\" viewbox=\"0 0 512 512\" xmlns=\"http:\/\/www.w3.org\/2000\/svg\"><path d=\"M173.898 439.404l-166.4-166.4c-9.997-9.997-9.997-26.206 0-36.204l36.203-36.204c9.997-9.998 26.207-9.998 36.204 0L192 312.69 432.095 72.596c9.997-9.997 26.207-9.997 36.204 0l36.203 36.204c9.997 9.997 9.997 26.206 0 36.204l-294.4 294.401c-9.998 9.997-26.207 9.997-36.204-.001z\"><\/path><\/svg>\t\t\t\t\t\t<\/span>\n\t\t\t\t\t\t\t\t\t\t<span class=\"elementor-icon-list-text\">Monitoriza\u00e7\u00e3o constante<\/span>\n\t\t\t\t\t\t\t\t\t<\/li>\n\t\t\t\t\t\t\t\t<li class=\"elementor-icon-list-item\">\n\t\t\t\t\t\t\t\t\t\t\t<span class=\"elementor-icon-list-icon\">\n\t\t\t\t\t\t\t<svg aria-hidden=\"true\" class=\"e-font-icon-svg e-fas-check\" viewbox=\"0 0 512 512\" xmlns=\"http:\/\/www.w3.org\/2000\/svg\"><path d=\"M173.898 439.404l-166.4-166.4c-9.997-9.997-9.997-26.206 0-36.204l36.203-36.204c9.997-9.998 26.207-9.998 36.204 0L192 312.69 432.095 72.596c9.997-9.997 26.207-9.997 36.204 0l36.203 36.204c9.997 9.997 9.997 26.206 0 36.204l-294.4 294.401c-9.998 9.997-26.207 9.997-36.204-.001z\"><\/path><\/svg>\t\t\t\t\t\t<\/span>\n\t\t\t\t\t\t\t\t\t\t<span class=\"elementor-icon-list-text\">Suporte humano<\/span>\n\t\t\t\t\t\t\t\t\t<\/li>\n\t\t\t\t\t\t\t\t<li class=\"elementor-icon-list-item\">\n\t\t\t\t\t\t\t\t\t\t\t<span class=\"elementor-icon-list-icon\">\n\t\t\t\t\t\t\t<svg aria-hidden=\"true\" class=\"e-font-icon-svg e-fas-check\" viewbox=\"0 0 512 512\" xmlns=\"http:\/\/www.w3.org\/2000\/svg\"><path d=\"M173.898 439.404l-166.4-166.4c-9.997-9.997-9.997-26.206 0-36.204l36.203-36.204c9.997-9.998 26.207-9.998 36.204 0L192 312.69 432.095 72.596c9.997-9.997 26.207-9.997 36.204 0l36.203 36.204c9.997 9.997 9.997 26.206 0 36.204l-294.4 294.401c-9.998 9.997-26.207 9.997-36.204-.001z\"><\/path><\/svg>\t\t\t\t\t\t<\/span>\n\t\t\t\t\t\t\t\t\t\t<span class=\"elementor-icon-list-text\">Custos previs\u00edveis<\/span>\n\t\t\t\t\t\t\t\t\t<\/li>\n\t\t\t\t\t\t<\/ul>\n\t\t\t\t\t\t<\/div>\n\t\t\t\t\t<\/div>\n\t\t\t\t<\/div>\n\t\t<div class=\"elementor-element elementor-element-66d84dc e-flex e-con-boxed e-con e-parent\" data-id=\"66d84dc\" data-element_type=\"container\" data-e-type=\"container\">\n\t\t\t\t\t<div class=\"e-con-inner\">\n\t\t\t\t<div class=\"elementor-element elementor-element-f5b1869 elementor-widget elementor-widget-text-editor\" data-id=\"f5b1869\" data-element_type=\"widget\" data-e-type=\"widget\" data-widget_type=\"text-editor.default\">\n\t\t\t\t\t\t\t\t\t<h4 style=\"font-weight: 400;\"><strong>O que significa ter Private Cloud com a Tetraedro?<\/strong><\/h4><p style=\"font-weight: 400;\">Significa que:<\/p><ul style=\"font-weight: 400;\"><li>Os seus dados permanecem em Portugal<\/li><li>A infraestrutura \u00e9 gerida por uma equipa t\u00e9cnica pr\u00f3xima<\/li><li>Existe monitoriza\u00e7\u00e3o permanente<\/li><li>A disponibilidade \u00e9 superior a 99,9%<\/li><li>H\u00e1 planos de recupera\u00e7\u00e3o em caso de desastre<\/li><\/ul><p><span style=\"font-weight: 400;\">N\u00e3o vendemos apenas servidores.<br \/>Entregamos\u00a0<strong>continuidade de neg\u00f3cio<\/strong>.<\/span><\/p>\t\t\t\t\t\t\t\t<\/div>\n\t\t\t\t\t<\/div>\n\t\t\t\t<\/div>\n\t\t<div class=\"elementor-element elementor-element-9ad151c e-flex e-con-boxed e-con e-parent\" data-id=\"9ad151c\" data-element_type=\"container\" data-e-type=\"container\">\n\t\t\t\t\t<div class=\"e-con-inner\">\n\t\t\t\t<div class=\"elementor-element elementor-element-3417449 elementor-widget elementor-widget-text-editor\" data-id=\"3417449\" data-element_type=\"widget\" data-e-type=\"widget\" data-widget_type=\"text-editor.default\">\n\t\t\t\t\t\t\t\t\t<h4 style=\"font-weight: 400;\"><strong>Solu\u00e7\u00f5es Inclu\u00eddas<\/strong><\/h4><p style=\"font-weight: 400;\"><strong>VPS \u2013 Servidores Virtuais Privados<\/strong><\/p><p style=\"font-weight: 400;\">Infraestrutura virtual dedicada com elevada performance, escal\u00e1vel e segura.<\/p><p style=\"font-weight: 400;\"><strong>Backup &amp; Disaster Recovery<\/strong><\/p><p style=\"font-weight: 400;\">Sistemas de c\u00f3pia e recupera\u00e7\u00e3o que evitam perdas de informa\u00e7\u00e3o.<\/p><p style=\"font-weight: 400;\"><strong>Seguran\u00e7a Ativa<\/strong><\/p><p style=\"font-weight: 400;\">Firewalls, monitoriza\u00e7\u00e3o, controlo de acessos e preven\u00e7\u00e3o de intrus\u00e3o.<\/p><p style=\"font-weight: 400;\"><strong>Conformidade Legal<\/strong><\/p><p style=\"font-weight: 400;\">Infraestrutura alinhada com RGPD e boas pr\u00e1ticas de seguran\u00e7a. Certifica\u00e7\u00e3o ISO\/IEC 27001.<\/p>\t\t\t\t\t\t\t\t<\/div>\n\t\t\t\t\t<\/div>\n\t\t\t\t<\/div>\n\t\t<div class=\"elementor-element elementor-element-900c38d e-flex e-con-boxed e-con e-parent\" data-id=\"900c38d\" data-element_type=\"container\" data-e-type=\"container\">\n\t\t\t\t\t<div class=\"e-con-inner\">\n\t\t\t\t<div class=\"elementor-element elementor-element-75ab2d6 elementor-widget elementor-widget-button\" data-id=\"75ab2d6\" data-element_type=\"widget\" data-e-type=\"widget\" data-widget_type=\"button.default\">\n\t\t\t\t\t\t\t\t\t\t<a class=\"elementor-button elementor-button-link elementor-size-sm\" href=\"https:\/\/www.tetraedro.pt\/en\/certificacoes\/\">\n\t\t\t\t\t\t<span class=\"elementor-button-content-wrapper\">\n\t\t\t\t\t\t\t\t\t<span class=\"elementor-button-text\">Saber mais sobre Certifica\u00e7\u00e3o<\/span>\n\t\t\t\t\t<\/span>\n\t\t\t\t\t<\/a>\n\t\t\t\t\t\t\t\t<\/div>\n\t\t\t\t\t<\/div>\n\t\t\t\t<\/div>\n\t\t<div class=\"elementor-element elementor-element-99b47b0 e-flex e-con-boxed e-con e-parent\" data-id=\"99b47b0\" data-element_type=\"container\" data-e-type=\"container\">\n\t\t\t\t\t<div class=\"e-con-inner\">\n\t\t\t\t<div class=\"elementor-element elementor-element-4681a6e elementor-widget elementor-widget-text-editor\" data-id=\"4681a6e\" data-element_type=\"widget\" data-e-type=\"widget\" data-widget_type=\"text-editor.default\">\n\t\t\t\t\t\t\t\t\t<h4 style=\"font-weight: 400;\"><strong>Para quem \u00e9 esta solu\u00e7\u00e3o?<\/strong><\/h4><ul style=\"font-weight: 400;\"><li>PMEs sem equipa interna de IT<\/li><li>Empresas que j\u00e1 sofreram falhas ou perdas de dados<\/li><li>Neg\u00f3cios regulados que exigem conformidade<\/li><li>Gestores que querem previsibilidade e controlo<\/li><\/ul><p style=\"font-weight: 400;\">Se o seu neg\u00f3cio depende de sistemas inform\u00e1ticos para funcionar, ent\u00e3o precisa de uma infraestrutura fi\u00e1vel.<\/p>\t\t\t\t\t\t\t\t<\/div>\n\t\t\t\t\t<\/div>\n\t\t\t\t<\/div>\n\t\t<div class=\"elementor-element elementor-element-396d42e e-flex e-con-boxed e-con e-parent\" data-id=\"396d42e\" data-element_type=\"container\" data-e-type=\"container\">\n\t\t\t\t\t<div class=\"e-con-inner\">\n\t\t\t\t<div class=\"elementor-element elementor-element-289a597 elementor-widget elementor-widget-text-editor\" data-id=\"289a597\" data-element_type=\"widget\" data-e-type=\"widget\" data-widget_type=\"text-editor.default\">\n\t\t\t\t\t\t\t\t\t<h3 style=\"font-weight: 400;\"><strong>FAQs<\/strong><\/h3><ol><li style=\"font-weight: 400;\"><strong> O que \u00e9 a Private Cloud e qual a diferen\u00e7a para cloud p\u00fablica?<\/strong><\/li><\/ol><p style=\"font-weight: 400;\">Private Cloud \u00e9 uma infraestrutura virtual dedicada e controlada, com maior seguran\u00e7a, previsibilidade e personaliza\u00e7\u00e3o. Ao contr\u00e1rio da cloud p\u00fablica, n\u00e3o partilha recursos com milhares de empresas.<\/p><ol start=\"2\"><li style=\"font-weight: 400;\"><strong> Onde ficam alojados os dados?<\/strong><\/li><\/ol><p style=\"font-weight: 400;\">Os dados s\u00e3o alojados em infraestrutura pr\u00f3pria da Tetraedro em Portugal, com redund\u00e2ncia geogr\u00e1fica.<\/p><ol start=\"3\"><li style=\"font-weight: 400;\"><strong> O que acontece se houver uma falha?<\/strong><\/li><\/ol><p style=\"font-weight: 400;\">Existe sistema de backup e plano de disaster recovery que permite recupera\u00e7\u00e3o r\u00e1pida.<\/p><ol start=\"4\"><li style=\"font-weight: 400;\"><strong> A solu\u00e7\u00e3o cumpre o RGPD?<\/strong><\/li><\/ol><p style=\"font-weight: 400;\">Sim. A infraestrutura est\u00e1 alinhada com boas pr\u00e1ticas de prote\u00e7\u00e3o de dados e requisitos legais europeus.<\/p><ol start=\"5\"><li style=\"font-weight: 400;\"><strong> \u00c9 mais caro que solu\u00e7\u00f5es internacionais?<\/strong><\/li><\/ol><p style=\"font-weight: 400;\">N\u00e3o. Quando se considera suporte humano, proximidade e continuidade, o custo-benef\u00edcio \u00e9 superior.\u00a0<\/p>\t\t\t\t\t\t\t\t<\/div>\n\t\t\t\t\t<\/div>\n\t\t\t\t<\/div>\n\t\t<div class=\"elementor-element elementor-element-b7bf1de e-flex e-con-boxed e-con e-parent\" data-id=\"b7bf1de\" data-element_type=\"container\" data-e-type=\"container\">\n\t\t\t\t\t<div class=\"e-con-inner\">\n\t\t\t\t<div class=\"elementor-element elementor-element-4850457 elementor-widget elementor-widget-button\" data-id=\"4850457\" data-element_type=\"widget\" data-e-type=\"widget\" data-widget_type=\"button.default\">\n\t\t\t\t\t\t\t\t\t\t<a class=\"elementor-button elementor-button-link elementor-size-sm\" href=\"\/en\/contact\/\">\n\t\t\t\t\t\t<span class=\"elementor-button-content-wrapper\">\n\t\t\t\t\t\t\t\t\t<span class=\"elementor-button-text\">Contacte-nos<\/span>\n\t\t\t\t\t<\/span>\n\t\t\t\t\t<\/a>\n\t\t\t\t\t\t\t\t<\/div>\n\t\t\t\t\t<\/div>\n\t\t\t\t<\/div>\n\t\t\t\t<\/div>","protected":false},"excerpt":{"rendered":"<p>Private Cloud Saber mais sobre Certifica\u00e7\u00e3o O seu neg\u00f3cio pode parar por causa de uma falha t\u00e9cnica? Private Cloud em [&hellip;]<\/p>\n","protected":false},"author":1,"featured_media":0,"parent":0,"menu_order":0,"comment_status":"closed","ping_status":"closed","template":"","meta":{"site-sidebar-layout":"no-sidebar","site-content-layout":"","ast-site-content-layout":"full-width-container","site-content-style":"default","site-sidebar-style":"default","ast-global-header-display":"","ast-banner-title-visibility":"","ast-main-header-display":"","ast-hfb-above-header-display":"","ast-hfb-below-header-display":"","ast-hfb-mobile-header-display":"","site-post-title":"","ast-breadcrumbs-content":"","ast-featured-img":"disabled","footer-sml-layout":"","ast-disable-related-posts":"","theme-transparent-header-meta":"","adv-header-id-meta":"","stick-header-meta":"","header-above-stick-meta":"","header-main-stick-meta":"","header-below-stick-meta":"","astra-migrate-meta-layouts":"default","ast-page-background-enabled":"default","ast-page-background-meta":{"desktop":{"background-color":"var(--ast-global-color-4)","background-image":"","background-repeat":"repeat","background-position":"center center","background-size":"auto","background-attachment":"scroll","background-type":"","background-media":"","overlay-type":"","overlay-color":"","overlay-opacity":"","overlay-gradient":""},"tablet":{"background-color":"","background-image":"","background-repeat":"repeat","background-position":"center center","background-size":"auto","background-attachment":"scroll","background-type":"","background-media":"","overlay-type":"","overlay-color":"","overlay-opacity":"","overlay-gradient":""},"mobile":{"background-color":"","background-image":"","background-repeat":"repeat","background-position":"center center","background-size":"auto","background-attachment":"scroll","background-type":"","background-media":"","overlay-type":"","overlay-color":"","overlay-opacity":"","overlay-gradient":""}},"ast-content-background-meta":{"desktop":{"background-color":"var(--ast-global-color-5)","background-image":"","background-repeat":"repeat","background-position":"center center","background-size":"auto","background-attachment":"scroll","background-type":"","background-media":"","overlay-type":"","overlay-color":"","overlay-opacity":"","overlay-gradient":""},"tablet":{"background-color":"var(--ast-global-color-5)","background-image":"","background-repeat":"repeat","background-position":"center center","background-size":"auto","background-attachment":"scroll","background-type":"","background-media":"","overlay-type":"","overlay-color":"","overlay-opacity":"","overlay-gradient":""},"mobile":{"background-color":"var(--ast-global-color-5)","background-image":"","background-repeat":"repeat","background-position":"center center","background-size":"auto","background-attachment":"scroll","background-type":"","background-media":"","overlay-type":"","overlay-color":"","overlay-opacity":"","overlay-gradient":""}},"footnotes":""},"class_list":["post-644","page","type-page","status-publish","hentry"],"_links":{"self":[{"href":"https:\/\/www.tetraedro.pt\/en\/wp-json\/wp\/v2\/pages\/644","targetHints":{"allow":["GET"]}}],"collection":[{"href":"https:\/\/www.tetraedro.pt\/en\/wp-json\/wp\/v2\/pages"}],"about":[{"href":"https:\/\/www.tetraedro.pt\/en\/wp-json\/wp\/v2\/types\/page"}],"author":[{"embeddable":true,"href":"https:\/\/www.tetraedro.pt\/en\/wp-json\/wp\/v2\/users\/1"}],"replies":[{"embeddable":true,"href":"https:\/\/www.tetraedro.pt\/en\/wp-json\/wp\/v2\/comments?post=644"}],"version-history":[{"count":34,"href":"https:\/\/www.tetraedro.pt\/en\/wp-json\/wp\/v2\/pages\/644\/revisions"}],"predecessor-version":[{"id":831,"href":"https:\/\/www.tetraedro.pt\/en\/wp-json\/wp\/v2\/pages\/644\/revisions\/831"}],"wp:attachment":[{"href":"https:\/\/www.tetraedro.pt\/en\/wp-json\/wp\/v2\/media?parent=644"}],"curies":[{"name":"wp","href":"https:\/\/api.w.org\/{rel}","templated":true}]}}