{"id":665,"date":"2026-03-29T21:56:34","date_gmt":"2026-03-29T21:56:34","guid":{"rendered":"https:\/\/www.tetraedro.pt\/?page_id=665"},"modified":"2026-04-27T16:48:52","modified_gmt":"2026-04-27T16:48:52","slug":"servicos-online","status":"publish","type":"page","link":"https:\/\/www.tetraedro.pt\/en\/servicos-online\/","title":{"rendered":"Online Services"},"content":{"rendered":"<div data-elementor-type=\"wp-page\" data-elementor-id=\"665\" class=\"elementor elementor-665\">\n\t\t\t\t<div class=\"elementor-element elementor-element-3bd69eb e-flex e-con-boxed e-con e-parent\" data-id=\"3bd69eb\" data-element_type=\"container\" data-e-type=\"container\" data-settings=\"{&quot;background_background&quot;:&quot;classic&quot;}\">\n\t\t\t\t\t<div class=\"e-con-inner\">\n\t\t\t\t\t<\/div>\n\t\t\t\t<\/div>\n\t\t<div class=\"elementor-element elementor-element-456f37c e-flex e-con-boxed e-con e-parent\" data-id=\"456f37c\" data-element_type=\"container\" data-e-type=\"container\">\n\t\t\t\t\t<div class=\"e-con-inner\">\n\t\t\t\t<div class=\"elementor-element elementor-element-4ef7344 elementor-widget elementor-widget-heading\" data-id=\"4ef7344\" data-element_type=\"widget\" data-e-type=\"widget\" data-widget_type=\"heading.default\">\n\t\t\t\t\t<h2 class=\"elementor-heading-title elementor-size-default\">Online Services<\/h2>\t\t\t\t<\/div>\n\t\t\t\t\t<\/div>\n\t\t\t\t<\/div>\n\t\t<div class=\"elementor-element elementor-element-431c06a e-flex e-con-boxed e-con e-parent\" data-id=\"431c06a\" data-element_type=\"container\" data-e-type=\"container\">\n\t\t\t\t\t<div class=\"e-con-inner\">\n\t\t\t\t<div class=\"elementor-element elementor-element-df21b68 elementor-widget elementor-widget-text-editor\" data-id=\"df21b68\" data-element_type=\"widget\" data-e-type=\"widget\" data-widget_type=\"text-editor.default\">\n\t\t\t\t\t\t\t\t\t<h4 style=\"font-weight: 400;\"><strong>Servi\u00e7os Online Empresariais Seguros e Est\u00e1veis<\/strong><\/h4><p style=\"font-weight: 400;\"><strong>Comunica\u00e7\u00e3o, dados e produtividade sempre protegidos.<\/strong><\/p><p><span style=\"font-weight: 400;\">A Tetraedro disponibiliza um conjunto de\u00a0<strong>servi\u00e7os online empresariais<\/strong>\u00a0que garantem organiza\u00e7\u00e3o, seguran\u00e7a e acesso permanente.<\/span><\/p>\t\t\t\t\t\t\t\t<\/div>\n\t\t\t\t\t<\/div>\n\t\t\t\t<\/div>\n\t\t<div class=\"elementor-element elementor-element-8b9662d e-flex e-con-boxed e-con e-parent\" data-id=\"8b9662d\" data-element_type=\"container\" data-e-type=\"container\">\n\t\t\t\t\t<div class=\"e-con-inner\">\n\t\t\t\t<div class=\"elementor-element elementor-element-0725dd8 elementor-widget elementor-widget-text-editor\" data-id=\"0725dd8\" data-element_type=\"widget\" data-e-type=\"widget\" data-widget_type=\"text-editor.default\">\n\t\t\t\t\t\t\t\t\t<h5 style=\"font-weight: 400;\"><strong>Hosted Backup<\/strong><\/h5><p><span style=\"font-weight: 400;\">Backups autom\u00e1ticos e monitorizados para que n\u00e3o perca informa\u00e7\u00e3o cr\u00edtica.<\/span><\/p>\t\t\t\t\t\t\t\t<\/div>\n\t\t\t\t\t<\/div>\n\t\t\t\t<\/div>\n\t\t<div class=\"elementor-element elementor-element-188d32a e-flex e-con-boxed e-con e-parent\" data-id=\"188d32a\" data-element_type=\"container\" data-e-type=\"container\">\n\t\t\t\t\t<div class=\"e-con-inner\">\n\t\t\t\t<div class=\"elementor-element elementor-element-7084f88 elementor-widget elementor-widget-text-editor\" data-id=\"7084f88\" data-element_type=\"widget\" data-e-type=\"widget\" data-widget_type=\"text-editor.default\">\n\t\t\t\t\t\t\t\t\t<h5 style=\"font-weight: 400;\"><strong>Hosted Storage<\/strong><\/h5><p><span style=\"font-weight: 400;\">Armazenamento seguro com controlo de acessos e prote\u00e7\u00e3o contra falhas.<\/span><\/p>\t\t\t\t\t\t\t\t<\/div>\n\t\t\t\t\t<\/div>\n\t\t\t\t<\/div>\n\t\t<div class=\"elementor-element elementor-element-553e0d7 e-flex e-con-boxed e-con e-parent\" data-id=\"553e0d7\" data-element_type=\"container\" data-e-type=\"container\">\n\t\t\t\t\t<div class=\"e-con-inner\">\n\t\t\t\t<div class=\"elementor-element elementor-element-d0cfdd2 elementor-widget elementor-widget-text-editor\" data-id=\"d0cfdd2\" data-element_type=\"widget\" data-e-type=\"widget\" data-widget_type=\"text-editor.default\">\n\t\t\t\t\t\t\t\t\t<h5 style=\"font-weight: 400;\"><strong>Hosted SQL<\/strong><\/h5><p><span style=\"font-weight: 400;\">Bases de dados alojadas com performance e seguran\u00e7a empresarial.<\/span><\/p>\t\t\t\t\t\t\t\t<\/div>\n\t\t\t\t\t<\/div>\n\t\t\t\t<\/div>\n\t\t<div class=\"elementor-element elementor-element-7d062f1 e-flex e-con-boxed e-con e-parent\" data-id=\"7d062f1\" data-element_type=\"container\" data-e-type=\"container\">\n\t\t\t\t\t<div class=\"e-con-inner\">\n\t\t\t\t<div class=\"elementor-element elementor-element-9e94e7e elementor-widget elementor-widget-text-editor\" data-id=\"9e94e7e\" data-element_type=\"widget\" data-e-type=\"widget\" data-widget_type=\"text-editor.default\">\n\t\t\t\t\t\t\t\t\t<h5 style=\"font-weight: 400;\"><strong>Seguran\u00e7a de E-mail<\/strong><\/h5><ul style=\"font-weight: 400;\"><li>Anti-Spam avan\u00e7ado<\/li><li>Anti-V\u00edrus<\/li><li>Filtros de prote\u00e7\u00e3o ativa<\/li><\/ul><p><span style=\"font-weight: 400;\">Porque perder dados ou comunica\u00e7\u00f5es pode significar perder clientes.<\/span><\/p>\t\t\t\t\t\t\t\t<\/div>\n\t\t\t\t\t<\/div>\n\t\t\t\t<\/div>\n\t\t<div class=\"elementor-element elementor-element-97c419d e-flex e-con-boxed e-con e-parent\" data-id=\"97c419d\" data-element_type=\"container\" data-e-type=\"container\">\n\t\t\t\t\t<div class=\"e-con-inner\">\n\t\t\t\t<div class=\"elementor-element elementor-element-27a8b6d elementor-widget elementor-widget-text-editor\" data-id=\"27a8b6d\" data-element_type=\"widget\" data-e-type=\"widget\" data-widget_type=\"text-editor.default\">\n\t\t\t\t\t\t\t\t\t<h4 style=\"font-weight: 400;\"><strong>FAQs<\/strong><\/h4><ol><li style=\"font-weight: 400;\"><strong> O e-mail profissional \u00e9 mais seguro que o gratuito?<\/strong><\/li><\/ol><p style=\"font-weight: 400;\">Sim. Inclui prote\u00e7\u00e3o anti-spam, antiv\u00edrus e monitoriza\u00e7\u00e3o ativa.<\/p><ol start=\"2\"><li style=\"font-weight: 400;\"><strong> Com que frequ\u00eancia s\u00e3o feitos backups?<\/strong><\/li><\/ol><p style=\"font-weight: 400;\">Backups autom\u00e1ticos e monitorizados regularmente.<\/p><ol start=\"3\"><li style=\"font-weight: 400;\"><strong> Posso aceder aos meus dados remotamente?<\/strong><\/li><\/ol><p style=\"font-weight: 400;\">Sim. Acesso seguro a partir de qualquer local.<\/p><ol start=\"4\"><li style=\"font-weight: 400;\"><strong> Os dados ficam em Portugal?<\/strong><\/li><\/ol><p style=\"font-weight: 400;\">Sim, alojados em infraestrutura nacional.<\/p><ol start=\"5\"><li style=\"font-weight: 400;\"><strong> E se eliminar um ficheiro por engano?<\/strong><\/li><\/ol><p style=\"font-weight: 400;\">\u00c9 poss\u00edvel recuper\u00e1-lo atrav\u00e9s do sistema de backup.<\/p>\t\t\t\t\t\t\t\t<\/div>\n\t\t\t\t\t<\/div>\n\t\t\t\t<\/div>\n\t\t\t\t<\/div>","protected":false},"excerpt":{"rendered":"<p>Servi\u00e7os Online Servi\u00e7os Online Empresariais Seguros e Est\u00e1veis Comunica\u00e7\u00e3o, dados e produtividade sempre protegidos. A Tetraedro disponibiliza um conjunto de\u00a0servi\u00e7os [&hellip;]<\/p>\n","protected":false},"author":1,"featured_media":0,"parent":0,"menu_order":0,"comment_status":"closed","ping_status":"closed","template":"","meta":{"site-sidebar-layout":"no-sidebar","site-content-layout":"","ast-site-content-layout":"full-width-container","site-content-style":"default","site-sidebar-style":"default","ast-global-header-display":"","ast-banner-title-visibility":"","ast-main-header-display":"","ast-hfb-above-header-display":"","ast-hfb-below-header-display":"","ast-hfb-mobile-header-display":"","site-post-title":"","ast-breadcrumbs-content":"","ast-featured-img":"disabled","footer-sml-layout":"","ast-disable-related-posts":"","theme-transparent-header-meta":"","adv-header-id-meta":"","stick-header-meta":"","header-above-stick-meta":"","header-main-stick-meta":"","header-below-stick-meta":"","astra-migrate-meta-layouts":"default","ast-page-background-enabled":"default","ast-page-background-meta":{"desktop":{"background-color":"var(--ast-global-color-4)","background-image":"","background-repeat":"repeat","background-position":"center center","background-size":"auto","background-attachment":"scroll","background-type":"","background-media":"","overlay-type":"","overlay-color":"","overlay-opacity":"","overlay-gradient":""},"tablet":{"background-color":"","background-image":"","background-repeat":"repeat","background-position":"center center","background-size":"auto","background-attachment":"scroll","background-type":"","background-media":"","overlay-type":"","overlay-color":"","overlay-opacity":"","overlay-gradient":""},"mobile":{"background-color":"","background-image":"","background-repeat":"repeat","background-position":"center center","background-size":"auto","background-attachment":"scroll","background-type":"","background-media":"","overlay-type":"","overlay-color":"","overlay-opacity":"","overlay-gradient":""}},"ast-content-background-meta":{"desktop":{"background-color":"var(--ast-global-color-5)","background-image":"","background-repeat":"repeat","background-position":"center center","background-size":"auto","background-attachment":"scroll","background-type":"","background-media":"","overlay-type":"","overlay-color":"","overlay-opacity":"","overlay-gradient":""},"tablet":{"background-color":"var(--ast-global-color-5)","background-image":"","background-repeat":"repeat","background-position":"center center","background-size":"auto","background-attachment":"scroll","background-type":"","background-media":"","overlay-type":"","overlay-color":"","overlay-opacity":"","overlay-gradient":""},"mobile":{"background-color":"var(--ast-global-color-5)","background-image":"","background-repeat":"repeat","background-position":"center center","background-size":"auto","background-attachment":"scroll","background-type":"","background-media":"","overlay-type":"","overlay-color":"","overlay-opacity":"","overlay-gradient":""}},"footnotes":""},"class_list":["post-665","page","type-page","status-publish","hentry"],"_links":{"self":[{"href":"https:\/\/www.tetraedro.pt\/en\/wp-json\/wp\/v2\/pages\/665","targetHints":{"allow":["GET"]}}],"collection":[{"href":"https:\/\/www.tetraedro.pt\/en\/wp-json\/wp\/v2\/pages"}],"about":[{"href":"https:\/\/www.tetraedro.pt\/en\/wp-json\/wp\/v2\/types\/page"}],"author":[{"embeddable":true,"href":"https:\/\/www.tetraedro.pt\/en\/wp-json\/wp\/v2\/users\/1"}],"replies":[{"embeddable":true,"href":"https:\/\/www.tetraedro.pt\/en\/wp-json\/wp\/v2\/comments?post=665"}],"version-history":[{"count":13,"href":"https:\/\/www.tetraedro.pt\/en\/wp-json\/wp\/v2\/pages\/665\/revisions"}],"predecessor-version":[{"id":834,"href":"https:\/\/www.tetraedro.pt\/en\/wp-json\/wp\/v2\/pages\/665\/revisions\/834"}],"wp:attachment":[{"href":"https:\/\/www.tetraedro.pt\/en\/wp-json\/wp\/v2\/media?parent=665"}],"curies":[{"name":"wp","href":"https:\/\/api.w.org\/{rel}","templated":true}]}}