{"id":17,"date":"2025-08-05T20:07:22","date_gmt":"2025-08-05T20:07:22","guid":{"rendered":"https:\/\/dev.tetraedro.pt\/about\/"},"modified":"2026-05-05T18:58:27","modified_gmt":"2026-05-05T18:58:27","slug":"about-us","status":"publish","type":"page","link":"https:\/\/www.tetraedro.pt\/pt\/about-us\/","title":{"rendered":"About Us"},"content":{"rendered":"\t\t<div data-elementor-type=\"wp-page\" data-elementor-id=\"17\" class=\"elementor elementor-17\">\n\t\t\t\t<div class=\"elementor-element elementor-element-4f478d6f e-flex e-con-boxed e-con e-parent\" data-id=\"4f478d6f\" data-element_type=\"container\" data-e-type=\"container\" data-settings=\"{&quot;background_background&quot;:&quot;classic&quot;}\">\n\t\t\t\t\t<div class=\"e-con-inner\">\n\t\t\t\t<div class=\"elementor-element elementor-element-6e4c2135 elementor-widget__width-initial elementor-widget elementor-widget-heading\" data-id=\"6e4c2135\" data-element_type=\"widget\" data-e-type=\"widget\" data-widget_type=\"heading.default\">\n\t\t\t\t\t<h1 class=\"elementor-heading-title elementor-size-default\">Tecnologia com prop\u00f3sito desde 2009<\/h1>\t\t\t\t<\/div>\n\t\t\t\t\t<\/div>\n\t\t\t\t<\/div>\n\t\t<div class=\"elementor-element elementor-element-6910a9c e-flex e-con-boxed e-con e-parent\" data-id=\"6910a9c\" data-element_type=\"container\" data-e-type=\"container\">\n\t\t\t\t\t<div class=\"e-con-inner\">\n\t\t<div class=\"elementor-element elementor-element-8346d7e e-con-full e-flex e-con e-child\" data-id=\"8346d7e\" data-element_type=\"container\" data-e-type=\"container\">\n\t\t\t\t<div class=\"elementor-element elementor-element-396f5aaf elementor-widget elementor-widget-image\" data-id=\"396f5aaf\" data-element_type=\"widget\" data-e-type=\"widget\" data-widget_type=\"image.default\">\n\t\t\t\t\t\t\t\t\t\t\t\t\t\t\t<img fetchpriority=\"high\" decoding=\"async\" width=\"1024\" height=\"769\" src=\"https:\/\/www.tetraedro.pt\/wp-content\/uploads\/2026\/03\/AdobeStock_502063430b-1024x769.jpg\" class=\"attachment-large size-large wp-image-630\" alt=\"\" srcset=\"https:\/\/www.tetraedro.pt\/wp-content\/uploads\/2026\/03\/AdobeStock_502063430b-1024x769.jpg 1024w, https:\/\/www.tetraedro.pt\/wp-content\/uploads\/2026\/03\/AdobeStock_502063430b-300x225.jpg 300w, https:\/\/www.tetraedro.pt\/wp-content\/uploads\/2026\/03\/AdobeStock_502063430b-768x577.jpg 768w, https:\/\/www.tetraedro.pt\/wp-content\/uploads\/2026\/03\/AdobeStock_502063430b-1536x1153.jpg 1536w, https:\/\/www.tetraedro.pt\/wp-content\/uploads\/2026\/03\/AdobeStock_502063430b-2048x1537.jpg 2048w\" sizes=\"(max-width: 1024px) 100vw, 1024px\" \/>\t\t\t\t\t\t\t\t\t\t\t\t\t\t\t<\/div>\n\t\t\t\t<\/div>\n\t\t<div class=\"elementor-element elementor-element-438c43ad e-con-full e-flex e-con e-child\" data-id=\"438c43ad\" data-element_type=\"container\" data-e-type=\"container\">\n\t\t\t\t<div class=\"elementor-element elementor-element-61054297 elementor-widget elementor-widget-heading\" data-id=\"61054297\" data-element_type=\"widget\" data-e-type=\"widget\" data-widget_type=\"heading.default\">\n\t\t\t\t\t<h2 class=\"elementor-heading-title elementor-size-default\">Sobre N\u00f3s<\/h2>\t\t\t\t<\/div>\n\t\t\t\t<div class=\"elementor-element elementor-element-4c3b0d18 elementor-widget elementor-widget-text-editor\" data-id=\"4c3b0d18\" data-element_type=\"widget\" data-e-type=\"widget\" data-widget_type=\"text-editor.default\">\n\t\t\t\t\t\t\t\t\t<p style=\"font-weight: 400;\">Fundada em 2009, a\u00a0<strong>Tetraedro<\/strong>\u00a0tem vindo a afirmar-se como refer\u00eancia nacional em\u00a0<strong>servi\u00e7os de hosting, cloud privada e suporte t\u00e9cnico especializado para pequenas e m\u00e9dias empresas<\/strong>.<\/p><p><span style=\"font-weight: 400;\">Crescemos de forma sustentada porque colocamos as pessoas no centro da tecnologia. N\u00e3o somos apenas um fornecedor, somos um parceiro t\u00e9cnico de confian\u00e7a, ajudando as <strong>PMEs<\/strong> a tornarem-se mais\u00a0<strong>produtivas, seguras e competitivas<\/strong>.<\/span><\/p>\t\t\t\t\t\t\t\t<\/div>\n\t\t\t\t<div class=\"elementor-element elementor-element-1fad2ee9 elementor-widget elementor-widget-button\" data-id=\"1fad2ee9\" data-element_type=\"widget\" data-e-type=\"widget\" data-widget_type=\"button.default\">\n\t\t\t\t\t\t\t\t\t\t<a class=\"elementor-button elementor-button-link elementor-size-sm\" href=\"\/contacts\">\n\t\t\t\t\t\t<span class=\"elementor-button-content-wrapper\">\n\t\t\t\t\t\t\t\t\t<span class=\"elementor-button-text\">Contacte-nos<\/span>\n\t\t\t\t\t<\/span>\n\t\t\t\t\t<\/a>\n\t\t\t\t\t\t\t\t<\/div>\n\t\t\t\t<\/div>\n\t\t\t\t\t<\/div>\n\t\t\t\t<\/div>\n\t\t<div class=\"elementor-element elementor-element-3d5fa86 e-flex e-con-boxed e-con e-parent\" data-id=\"3d5fa86\" data-element_type=\"container\" data-e-type=\"container\">\n\t\t\t\t\t<div class=\"e-con-inner\">\n\t\t\t\t<div class=\"elementor-element elementor-element-da27ebb elementor-widget elementor-widget-text-editor\" data-id=\"da27ebb\" data-element_type=\"widget\" data-e-type=\"widget\" data-widget_type=\"text-editor.default\">\n\t\t\t\t\t\t\t\t\t<h5 style=\"font-weight: 400;\"><strong>A Nossa Miss\u00e3o<\/strong><\/h5><p style=\"font-weight: 400;\">Capacitar PMEs com processos, ferramentas e\u00a0<strong>solu\u00e7\u00f5es de alojamento seguras e fi\u00e1veis<\/strong>, permitindo crescimento, inova\u00e7\u00e3o, competitividade e continuidade operacional.<\/p><p style=\"font-weight: 400;\">Acreditamos que a tecnologia deve ser um fator de desenvolvimento, nunca um obst\u00e1culo.<\/p><h5 style=\"font-weight: 400;\"><strong>A Nossa Vis\u00e3o<\/strong><\/h5><p style=\"font-weight: 400;\">Entregar solu\u00e7\u00f5es de alta disponibilidade e seguran\u00e7a que elevem as empresas portuguesas a um novo patamar de fiabilidade, organiza\u00e7\u00e3o e confian\u00e7a digital.<\/p><p style=\"font-weight: 400;\">Na Tetraedro, a tecnologia est\u00e1 ao servi\u00e7o do neg\u00f3cio, n\u00e3o o contr\u00e1rio.<\/p><h5 style=\"font-weight: 400;\"><strong>A Nossa Equipa<\/strong><\/h5><p style=\"font-weight: 400;\">A nossa equipa \u00e9 composta por profissionais com larga experi\u00eancia no setor das Tecnologias de Informa\u00e7\u00e3o, adquirida em multinacionais l\u00edderes da ind\u00fastria como:<\/p><ul style=\"font-weight: 400;\"><li>IBM<\/li><li>Compaq<\/li><li>HP<\/li><li>Tech Data<\/li><\/ul><p style=\"font-weight: 400;\">Trouxemos esse know-how para o universo das PMEs de uma forma simples, pr\u00e1tica e orientada para resultados reais.<\/p><p style=\"font-weight: 400;\">Somos reconhecidos por Clientes e Parceiros pela\u00a0<strong>qualidade das nossas solu\u00e7\u00f5es de Hosting<\/strong>\u00a0e pela <strong>excel\u00eancia do nosso suporte t\u00e9cnico<\/strong>.<\/p><h5 style=\"font-weight: 400;\"><strong>Os Nossos Valores<\/strong><\/h5><ul style=\"font-weight: 400;\"><li>Confian\u00e7a<\/li><li>Seguran\u00e7a<\/li><li>Proximidade<\/li><li>Excel\u00eancia t\u00e9cnica<\/li><li>Integridade<\/li><li>Melhoria cont\u00ednua<\/li><\/ul><h4>\u00a0<\/h4><h4><strong>Mesmo as pequenas empresas merecem grandes solu\u00e7\u00f5es.<\/strong><\/h4>\t\t\t\t\t\t\t\t<\/div>\n\t\t\t\t\t<\/div>\n\t\t\t\t<\/div>\n\t\t<div class=\"elementor-element elementor-element-0f51eef e-flex e-con-boxed e-con e-parent\" data-id=\"0f51eef\" data-element_type=\"container\" data-e-type=\"container\">\n\t\t\t\t\t<div class=\"e-con-inner\">\n\t\t<div class=\"elementor-element elementor-element-6418a0c e-con-full e-flex e-con e-child\" data-id=\"6418a0c\" data-element_type=\"container\" data-e-type=\"container\">\n\t\t\t\t<div class=\"elementor-element elementor-element-a610dcc elementor-widget elementor-widget-heading\" data-id=\"a610dcc\" data-element_type=\"widget\" data-e-type=\"widget\" data-widget_type=\"heading.default\">\n\t\t\t\t\t<h2 class=\"elementor-heading-title elementor-size-default\">Porqu\u00ea Escolher a Tetraedro?<\/h2>\t\t\t\t<\/div>\n\t\t\t\t<div class=\"elementor-element elementor-element-8db5126 elementor-widget elementor-widget-text-editor\" data-id=\"8db5126\" data-element_type=\"widget\" data-e-type=\"widget\" data-widget_type=\"text-editor.default\">\n\t\t\t\t\t\t\t\t\t<ul style=\"font-weight: 400;\"><li>Experi\u00eancia comprovada<\/li><li>Elevada disponibilidade dos sistemas<\/li><li>Foco no neg\u00f3cio do Cliente<\/li><li>Proatividade e compromisso com resultados<\/li><li>Solu\u00e7\u00f5es de Cloud Computing e Hosting seguras e escal\u00e1veis<\/li><\/ul><p style=\"font-weight: 400;\">Na\u00a0<strong>Tetraedro<\/strong>, ajudamos as empresas a crescer com tecnologia segura, eficiente e ajustada \u00e0 sua realidade.<\/p>\t\t\t\t\t\t\t\t<\/div>\n\t\t\t\t<div class=\"elementor-element elementor-element-645249b elementor-widget elementor-widget-button\" data-id=\"645249b\" data-element_type=\"widget\" data-e-type=\"widget\" data-widget_type=\"button.default\">\n\t\t\t\t\t\t\t\t\t\t<a class=\"elementor-button elementor-button-link elementor-size-sm\" href=\"\/iso\">\n\t\t\t\t\t\t<span class=\"elementor-button-content-wrapper\">\n\t\t\t\t\t\t\t\t\t<span class=\"elementor-button-text\">Certifica\u00e7\u00f5es<\/span>\n\t\t\t\t\t<\/span>\n\t\t\t\t\t<\/a>\n\t\t\t\t\t\t\t\t<\/div>\n\t\t\t\t<\/div>\n\t\t\t\t\t<\/div>\n\t\t\t\t<\/div>\n\t\t\t\t<\/div>\n\t\t","protected":false},"excerpt":{"rendered":"<p>Tecnologia com prop\u00f3sito desde 2009 Sobre N\u00f3s Fundada em 2009, a\u00a0Tetraedro\u00a0tem vindo a afirmar-se como refer\u00eancia nacional em\u00a0servi\u00e7os de hosting, [&hellip;]<\/p>\n","protected":false},"author":1,"featured_media":0,"parent":0,"menu_order":0,"comment_status":"closed","ping_status":"closed","template":"","meta":{"site-sidebar-layout":"no-sidebar","site-content-layout":"","ast-site-content-layout":"full-width-container","site-content-style":"default","site-sidebar-style":"default","ast-global-header-display":"","ast-banner-title-visibility":"","ast-main-header-display":"","ast-hfb-above-header-display":"","ast-hfb-below-header-display":"","ast-hfb-mobile-header-display":"","site-post-title":"disabled","ast-breadcrumbs-content":"","ast-featured-img":"disabled","footer-sml-layout":"","ast-disable-related-posts":"","theme-transparent-header-meta":"","adv-header-id-meta":"","stick-header-meta":"","header-above-stick-meta":"","header-main-stick-meta":"","header-below-stick-meta":"","astra-migrate-meta-layouts":"default","ast-page-background-enabled":"default","ast-page-background-meta":{"desktop":{"background-color":"var(--ast-global-color-4)","background-image":"","background-repeat":"repeat","background-position":"center center","background-size":"auto","background-attachment":"scroll","background-type":"","background-media":"","overlay-type":"","overlay-color":"","overlay-opacity":"","overlay-gradient":""},"tablet":{"background-color":"","background-image":"","background-repeat":"repeat","background-position":"center center","background-size":"auto","background-attachment":"scroll","background-type":"","background-media":"","overlay-type":"","overlay-color":"","overlay-opacity":"","overlay-gradient":""},"mobile":{"background-color":"","background-image":"","background-repeat":"repeat","background-position":"center center","background-size":"auto","background-attachment":"scroll","background-type":"","background-media":"","overlay-type":"","overlay-color":"","overlay-opacity":"","overlay-gradient":""}},"ast-content-background-meta":{"desktop":{"background-color":"var(--ast-global-color-5)","background-image":"","background-repeat":"repeat","background-position":"center center","background-size":"auto","background-attachment":"scroll","background-type":"","background-media":"","overlay-type":"","overlay-color":"","overlay-opacity":"","overlay-gradient":""},"tablet":{"background-color":"var(--ast-global-color-5)","background-image":"","background-repeat":"repeat","background-position":"center center","background-size":"auto","background-attachment":"scroll","background-type":"","background-media":"","overlay-type":"","overlay-color":"","overlay-opacity":"","overlay-gradient":""},"mobile":{"background-color":"var(--ast-global-color-5)","background-image":"","background-repeat":"repeat","background-position":"center center","background-size":"auto","background-attachment":"scroll","background-type":"","background-media":"","overlay-type":"","overlay-color":"","overlay-opacity":"","overlay-gradient":""}},"footnotes":""},"class_list":["post-17","page","type-page","status-publish","hentry"],"_links":{"self":[{"href":"https:\/\/www.tetraedro.pt\/pt\/wp-json\/wp\/v2\/pages\/17","targetHints":{"allow":["GET"]}}],"collection":[{"href":"https:\/\/www.tetraedro.pt\/pt\/wp-json\/wp\/v2\/pages"}],"about":[{"href":"https:\/\/www.tetraedro.pt\/pt\/wp-json\/wp\/v2\/types\/page"}],"author":[{"embeddable":true,"href":"https:\/\/www.tetraedro.pt\/pt\/wp-json\/wp\/v2\/users\/1"}],"replies":[{"embeddable":true,"href":"https:\/\/www.tetraedro.pt\/pt\/wp-json\/wp\/v2\/comments?post=17"}],"version-history":[{"count":39,"href":"https:\/\/www.tetraedro.pt\/pt\/wp-json\/wp\/v2\/pages\/17\/revisions"}],"predecessor-version":[{"id":932,"href":"https:\/\/www.tetraedro.pt\/pt\/wp-json\/wp\/v2\/pages\/17\/revisions\/932"}],"wp:attachment":[{"href":"https:\/\/www.tetraedro.pt\/pt\/wp-json\/wp\/v2\/media?parent=17"}],"curies":[{"name":"wp","href":"https:\/\/api.w.org\/{rel}","templated":true}]}}