{"id":227,"date":"2025-12-29T15:49:44","date_gmt":"2025-12-29T15:49:44","guid":{"rendered":"https:\/\/www.tetraedro.pt\/?page_id=227"},"modified":"2026-05-06T11:01:22","modified_gmt":"2026-05-06T11:01:22","slug":"certificacoes","status":"publish","type":"page","link":"https:\/\/www.tetraedro.pt\/pt\/certificacoes\/","title":{"rendered":"ISO 27001"},"content":{"rendered":"\t\t<div data-elementor-type=\"wp-page\" data-elementor-id=\"227\" class=\"elementor elementor-227\">\n\t\t\t\t<div class=\"elementor-element elementor-element-7281ced e-flex e-con-boxed e-con e-parent\" data-id=\"7281ced\" data-element_type=\"container\" data-e-type=\"container\" data-settings=\"{&quot;background_background&quot;:&quot;classic&quot;}\">\n\t\t\t\t\t<div class=\"e-con-inner\">\n\t\t\t\t<div class=\"elementor-element elementor-element-61c3418 elementor-widget elementor-widget-heading\" data-id=\"61c3418\" data-element_type=\"widget\" data-e-type=\"widget\" data-widget_type=\"heading.default\">\n\t\t\t\t\t<h1 class=\"elementor-heading-title elementor-size-default\">Certifica\u00e7\u00f5es<\/h1>\t\t\t\t<\/div>\n\t\t\t\t\t<\/div>\n\t\t\t\t<\/div>\n\t\t<div class=\"elementor-element elementor-element-920d9cf e-flex e-con-boxed e-con e-parent\" data-id=\"920d9cf\" data-element_type=\"container\" data-e-type=\"container\">\n\t\t\t\t\t<div class=\"e-con-inner\">\n\t\t<div class=\"elementor-element elementor-element-77d7ee0 e-con-full e-flex e-con e-child\" data-id=\"77d7ee0\" data-element_type=\"container\" data-e-type=\"container\">\n\t\t\t\t<div class=\"elementor-element elementor-element-3a991d9 elementor-widget elementor-widget-heading\" data-id=\"3a991d9\" data-element_type=\"widget\" data-e-type=\"widget\" data-widget_type=\"heading.default\">\n\t\t\t\t\t<h2 class=\"elementor-heading-title elementor-size-default\"><a href=\"\/private-cloud\"><b>ISO\/IEC 27001<br><\/b><i>Private Cloud<\/i><\/a><\/h2>\t\t\t\t<\/div>\n\t\t\t\t<div class=\"elementor-element elementor-element-c35e4c5 elementor-widget elementor-widget-text-editor\" data-id=\"c35e4c5\" data-element_type=\"widget\" data-e-type=\"widget\" data-widget_type=\"text-editor.default\">\n\t\t\t\t\t\t\t\t\t<p class=\"isSelectedEnd\">A Tetraedro possui a <strong>certifica\u00e7\u00e3o ISO\/IEC 27001<\/strong> no \u00e2mbito dos servi\u00e7os de <strong>Private Cloud\/Hosting<\/strong>.<\/p><p class=\"isSelectedEnd\">Esta certifica\u00e7\u00e3o internacional reconhece a implementa\u00e7\u00e3o de um <strong>Sistema de Gest\u00e3o da Seguran\u00e7a da Informa\u00e7\u00e3o <\/strong>robusto e alinhado com as melhores pr\u00e1ticas, garantindo a confidencialidade, integridade e disponibilidade da informa\u00e7\u00e3o que nos \u00e9 confiada.<\/p><p class=\"isSelectedEnd\">Para os nossos clientes, esta certifica\u00e7\u00e3o traduz-se em:<\/p><ul data-spread=\"false\"><li><p class=\"isSelectedEnd\">Maior n\u00edvel de <strong>seguran\u00e7a e prote\u00e7\u00e3o dos dados<\/strong>;<\/p><\/li><li><p class=\"isSelectedEnd\">Processos rigorosos de <strong>gest\u00e3o de riscos e controlo de acessos<\/strong>;<\/p><\/li><li><p class=\"isSelectedEnd\">Refor\u00e7o da <strong>conformidade regulamentar<\/strong> e da confian\u00e7a nos nossos servi\u00e7os;<\/p><\/li><li><p class=\"isSelectedEnd\">Compromisso cont\u00ednuo com a <strong>melhoria e a resili\u00eancia operacional<\/strong>.<\/p><\/li><\/ul><p>A obten\u00e7\u00e3o da ISO\/IEC 27001 refor\u00e7a o nosso compromisso em disponibilizar infraestruturas de Private Cloud\/Hosting seguras, fi\u00e1veis e alinhadas com os mais elevados padr\u00f5es internacionais.<\/p>\t\t\t\t\t\t\t\t<\/div>\n\t\t\t\t<\/div>\n\t\t<div class=\"elementor-element elementor-element-bf2495c e-flex e-con-boxed e-con e-child\" data-id=\"bf2495c\" data-element_type=\"container\" data-e-type=\"container\">\n\t\t\t\t\t<div class=\"e-con-inner\">\n\t\t\t\t<div class=\"elementor-element elementor-element-54d399b elementor-widget elementor-widget-image\" data-id=\"54d399b\" data-element_type=\"widget\" data-e-type=\"widget\" data-widget_type=\"image.default\">\n\t\t\t\t\t\t\t\t\t\t\t\t\t\t\t<img fetchpriority=\"high\" decoding=\"async\" width=\"2560\" height=\"1260\" src=\"https:\/\/www.tetraedro.pt\/wp-content\/uploads\/2025\/12\/ISO-IEC_27001IQNET_COR-scaled.jpg\" class=\"attachment-full size-full wp-image-239\" alt=\"\" srcset=\"https:\/\/www.tetraedro.pt\/wp-content\/uploads\/2025\/12\/ISO-IEC_27001IQNET_COR-scaled.jpg 2560w, https:\/\/www.tetraedro.pt\/wp-content\/uploads\/2025\/12\/ISO-IEC_27001IQNET_COR-300x148.jpg 300w, https:\/\/www.tetraedro.pt\/wp-content\/uploads\/2025\/12\/ISO-IEC_27001IQNET_COR-1024x504.jpg 1024w, https:\/\/www.tetraedro.pt\/wp-content\/uploads\/2025\/12\/ISO-IEC_27001IQNET_COR-768x378.jpg 768w, https:\/\/www.tetraedro.pt\/wp-content\/uploads\/2025\/12\/ISO-IEC_27001IQNET_COR-1536x756.jpg 1536w, https:\/\/www.tetraedro.pt\/wp-content\/uploads\/2025\/12\/ISO-IEC_27001IQNET_COR-2048x1008.jpg 2048w\" sizes=\"(max-width: 2560px) 100vw, 2560px\" \/>\t\t\t\t\t\t\t\t\t\t\t\t\t\t\t<\/div>\n\t\t\t\t\t<\/div>\n\t\t\t\t<\/div>\n\t\t\t\t\t<\/div>\n\t\t\t\t<\/div>\n\t\t<div class=\"elementor-element elementor-element-fea470a e-grid e-con-boxed e-con e-child\" data-id=\"fea470a\" data-element_type=\"container\" data-e-type=\"container\">\n\t\t\t\t\t<div class=\"e-con-inner\">\n\t\t\t\t<div class=\"elementor-element elementor-element-b810458 elementor-align-left elementor-widget__width-initial elementor-widget elementor-widget-button\" data-id=\"b810458\" data-element_type=\"widget\" data-e-type=\"widget\" data-widget_type=\"button.default\">\n\t\t\t\t\t\t\t\t\t\t<a class=\"elementor-button elementor-button-link elementor-size-sm\" href=\"\/contacts\">\n\t\t\t\t\t\t<span class=\"elementor-button-content-wrapper\">\n\t\t\t\t\t\t\t\t\t<span class=\"elementor-button-text\">Contacte-nos<\/span>\n\t\t\t\t\t<\/span>\n\t\t\t\t\t<\/a>\n\t\t\t\t\t\t\t\t<\/div>\n\t\t\t\t<div class=\"elementor-element elementor-element-f03f416 elementor-align-left elementor-widget__width-initial elementor-widget elementor-widget-button\" data-id=\"f03f416\" data-element_type=\"widget\" data-e-type=\"widget\" data-widget_type=\"button.default\">\n\t\t\t\t\t\t\t\t\t\t<a class=\"elementor-button elementor-button-link elementor-size-sm\" href=\"\/private-cloud\">\n\t\t\t\t\t\t<span class=\"elementor-button-content-wrapper\">\n\t\t\t\t\t\t\t\t\t<span class=\"elementor-button-text\">Saber mais sobre a Private Cloud<\/span>\n\t\t\t\t\t<\/span>\n\t\t\t\t\t<\/a>\n\t\t\t\t\t\t\t\t<\/div>\n\t\t\t\t\t<\/div>\n\t\t\t\t<\/div>\n\t\t\t\t<\/div>\n\t\t","protected":false},"excerpt":{"rendered":"<p>Certifica\u00e7\u00f5es ISO\/IEC 27001Private Cloud A Tetraedro possui a certifica\u00e7\u00e3o ISO\/IEC 27001 no \u00e2mbito dos servi\u00e7os de Private Cloud\/Hosting. Esta certifica\u00e7\u00e3o [&hellip;]<\/p>\n","protected":false},"author":1,"featured_media":0,"parent":0,"menu_order":0,"comment_status":"closed","ping_status":"closed","template":"","meta":{"site-sidebar-layout":"no-sidebar","site-content-layout":"","ast-site-content-layout":"full-width-container","site-content-style":"default","site-sidebar-style":"default","ast-global-header-display":"","ast-banner-title-visibility":"","ast-main-header-display":"","ast-hfb-above-header-display":"","ast-hfb-below-header-display":"","ast-hfb-mobile-header-display":"","site-post-title":"","ast-breadcrumbs-content":"","ast-featured-img":"disabled","footer-sml-layout":"","ast-disable-related-posts":"","theme-transparent-header-meta":"","adv-header-id-meta":"","stick-header-meta":"","header-above-stick-meta":"","header-main-stick-meta":"","header-below-stick-meta":"","astra-migrate-meta-layouts":"default","ast-page-background-enabled":"default","ast-page-background-meta":{"desktop":{"background-color":"var(--ast-global-color-4)","background-image":"","background-repeat":"repeat","background-position":"center center","background-size":"auto","background-attachment":"scroll","background-type":"","background-media":"","overlay-type":"","overlay-color":"","overlay-opacity":"","overlay-gradient":""},"tablet":{"background-color":"","background-image":"","background-repeat":"repeat","background-position":"center center","background-size":"auto","background-attachment":"scroll","background-type":"","background-media":"","overlay-type":"","overlay-color":"","overlay-opacity":"","overlay-gradient":""},"mobile":{"background-color":"","background-image":"","background-repeat":"repeat","background-position":"center center","background-size":"auto","background-attachment":"scroll","background-type":"","background-media":"","overlay-type":"","overlay-color":"","overlay-opacity":"","overlay-gradient":""}},"ast-content-background-meta":{"desktop":{"background-color":"var(--ast-global-color-5)","background-image":"","background-repeat":"repeat","background-position":"center center","background-size":"auto","background-attachment":"scroll","background-type":"","background-media":"","overlay-type":"","overlay-color":"","overlay-opacity":"","overlay-gradient":""},"tablet":{"background-color":"var(--ast-global-color-5)","background-image":"","background-repeat":"repeat","background-position":"center center","background-size":"auto","background-attachment":"scroll","background-type":"","background-media":"","overlay-type":"","overlay-color":"","overlay-opacity":"","overlay-gradient":""},"mobile":{"background-color":"var(--ast-global-color-5)","background-image":"","background-repeat":"repeat","background-position":"center center","background-size":"auto","background-attachment":"scroll","background-type":"","background-media":"","overlay-type":"","overlay-color":"","overlay-opacity":"","overlay-gradient":""}},"footnotes":""},"class_list":["post-227","page","type-page","status-publish","hentry"],"_links":{"self":[{"href":"https:\/\/www.tetraedro.pt\/pt\/wp-json\/wp\/v2\/pages\/227","targetHints":{"allow":["GET"]}}],"collection":[{"href":"https:\/\/www.tetraedro.pt\/pt\/wp-json\/wp\/v2\/pages"}],"about":[{"href":"https:\/\/www.tetraedro.pt\/pt\/wp-json\/wp\/v2\/types\/page"}],"author":[{"embeddable":true,"href":"https:\/\/www.tetraedro.pt\/pt\/wp-json\/wp\/v2\/users\/1"}],"replies":[{"embeddable":true,"href":"https:\/\/www.tetraedro.pt\/pt\/wp-json\/wp\/v2\/comments?post=227"}],"version-history":[{"count":138,"href":"https:\/\/www.tetraedro.pt\/pt\/wp-json\/wp\/v2\/pages\/227\/revisions"}],"predecessor-version":[{"id":933,"href":"https:\/\/www.tetraedro.pt\/pt\/wp-json\/wp\/v2\/pages\/227\/revisions\/933"}],"wp:attachment":[{"href":"https:\/\/www.tetraedro.pt\/pt\/wp-json\/wp\/v2\/media?parent=227"}],"curies":[{"name":"wp","href":"https:\/\/api.w.org\/{rel}","templated":true}]}}